{"id":9933,"date":"2024-11-07T12:10:41","date_gmt":"2024-11-07T11:10:41","guid":{"rendered":"https:\/\/flf-shop.lu\/?post_type=product&#038;p=9933"},"modified":"2026-03-23T10:05:17","modified_gmt":"2026-03-23T09:05:17","slug":"side-shirt-blanc-enfant","status":"publish","type":"product","link":"https:\/\/flf-shop.lu\/?product=side-shirt-blanc-enfant","title":{"rendered":"SIDE SHIRT BLANC ENFANT"},"content":{"rendered":"<p>Avec son design \u00e9pur\u00e9 et son motif puissant sur l\u2019\u00e9paule, ce t-shirt blanc incarne l\u2019\u00e9nergie du football luxembourgeois. Le lion rouge de la FLF tr\u00f4ne fi\u00e8rement sur la poitrine, tandis qu\u2019une envol\u00e9e de lions bleus et rouges dynamise l\u2019\u00e9paule gauche .<\/p>\n<p>L\u00e9ger, confortable et facile \u00e0 porter au quotidien comme les jours de match, il s\u2019adresse \u00e0 tous ceux qui veulent afficher leur soutien avec style. Que ce soit dans les tribunes, en ville ou \u00e0 l\u2019entra\u00eenement, ce t-shirt vous accompagne partout avec \u00e9l\u00e9gance.<\/p>\n<p>Un indispensable pour tous les supporters qui veulent montrer leurs couleurs avec fiert\u00e9.<\/p>\n","protected":false},"excerpt":{"rendered":"<p>BLANC<\/p>\n","protected":false},"featured_media":9689,"template":"","meta":{"ocean_post_layout":"","ocean_both_sidebars_style":"","ocean_both_sidebars_content_width":0,"ocean_both_sidebars_sidebars_width":0,"ocean_sidebar":"0","ocean_second_sidebar":"0","ocean_disable_margins":"enable","ocean_add_body_class":"","ocean_shortcode_before_top_bar":"","ocean_shortcode_after_top_bar":"","ocean_shortcode_before_header":"","ocean_shortcode_after_header":"","ocean_has_shortcode":"","ocean_shortcode_after_title":"","ocean_shortcode_before_footer_widgets":"","ocean_shortcode_after_footer_widgets":"","ocean_shortcode_before_footer_bottom":"","ocean_shortcode_after_footer_bottom":"","ocean_display_top_bar":"default","ocean_display_header":"default","ocean_header_style":"","ocean_center_header_left_menu":"0","ocean_custom_header_template":"0","ocean_custom_logo":0,"ocean_custom_retina_logo":0,"ocean_custom_logo_max_width":0,"ocean_custom_logo_tablet_max_width":0,"ocean_custom_logo_mobile_max_width":0,"ocean_custom_logo_max_height":0,"ocean_custom_logo_tablet_max_height":0,"ocean_custom_logo_mobile_max_height":0,"ocean_header_custom_menu":"0","ocean_menu_typo_font_family":"0","ocean_menu_typo_font_subset":"","ocean_menu_typo_font_size":0,"ocean_menu_typo_font_size_tablet":0,"ocean_menu_typo_font_size_mobile":0,"ocean_menu_typo_font_size_unit":"px","ocean_menu_typo_font_weight":"","ocean_menu_typo_font_weight_tablet":"","ocean_menu_typo_font_weight_mobile":"","ocean_menu_typo_transform":"","ocean_menu_typo_transform_tablet":"","ocean_menu_typo_transform_mobile":"","ocean_menu_typo_line_height":0,"ocean_menu_typo_line_height_tablet":0,"ocean_menu_typo_line_height_mobile":0,"ocean_menu_typo_line_height_unit":"","ocean_menu_typo_spacing":0,"ocean_menu_typo_spacing_tablet":0,"ocean_menu_typo_spacing_mobile":0,"ocean_menu_typo_spacing_unit":"","ocean_menu_link_color":"","ocean_menu_link_color_hover":"","ocean_menu_link_color_active":"","ocean_menu_link_background":"","ocean_menu_link_hover_background":"","ocean_menu_link_active_background":"","ocean_menu_social_links_bg":"","ocean_menu_social_hover_links_bg":"","ocean_menu_social_links_color":"","ocean_menu_social_hover_links_color":"","ocean_disable_title":"default","ocean_disable_heading":"default","ocean_post_title":"","ocean_post_subheading":"","ocean_post_title_style":"","ocean_post_title_background_color":"","ocean_post_title_background":0,"ocean_post_title_bg_image_position":"","ocean_post_title_bg_image_attachment":"","ocean_post_title_bg_image_repeat":"","ocean_post_title_bg_image_size":"","ocean_post_title_height":0,"ocean_post_title_bg_overlay":0.5,"ocean_post_title_bg_overlay_color":"","ocean_disable_breadcrumbs":"default","ocean_breadcrumbs_color":"","ocean_breadcrumbs_separator_color":"","ocean_breadcrumbs_links_color":"","ocean_breadcrumbs_links_hover_color":"","ocean_display_footer_widgets":"default","ocean_display_footer_bottom":"default","ocean_custom_footer_template":"0","osp_disable_panel":"default"},"product_brand":[],"product_cat":[324],"product_tag":[480],"class_list":{"0":"post-9933","1":"product","2":"type-product","3":"status-publish","4":"has-post-thumbnail","6":"product_cat-t-shirt","7":"product_tag-training-range","9":"entry","10":"has-media","11":"tm-no-options","13":"first","14":"instock","15":"taxable","16":"shipping-taxable","17":"product-type-variable","18":"has-product-nav","19":"col","20":"span_1_of_3","21":"owp-content-center","22":"owp-thumbs-layout-horizontal","23":"owp-btn-normal","24":"owp-tabs-layout-horizontal"},"bundled_by":[],"bundle_stock_status":"instock","bundle_stock_quantity":14,"bundle_virtual":false,"bundle_layout":"","bundle_add_to_cart_form_location":"","bundle_editable_in_cart":false,"bundle_sold_individually_context":"","bundle_item_grouping":"","bundle_min_size":"","bundle_max_size":"","bundle_price":[],"bundled_items":[],"bundle_sell_ids":[],"supplier_id":null,"supplier_sku":"","barcode":null,"atum_controlled":true,"out_stock_date":null,"out_stock_threshold":null,"inheritable":true,"inbound_stock":0,"stock_on_hold":0,"sold_today":0,"sales_last_days":0,"reserved_stock":0,"customer_returns":0,"warehouse_damage":0,"lost_in_post":0,"other_logs":0,"out_stock_days":0,"lost_sales":0,"has_location":false,"update_date":"2026-04-09T15:31:38","atum_locations":[],"atum_stock_status":"instock","restock_status":false,"low_stock_amount":4,"sales_update_date":"2026-04-09T15:31:38","calc_backorders":null,"yoast_head":"<!-- This site is optimized with the Yoast SEO plugin v27.3 - https:\/\/yoast.com\/product\/yoast-seo-wordpress\/ -->\n<title>SIDE SHIRT BLANC ENFANT - flf-shop.lu<\/title>\n<meta name=\"robots\" content=\"index, follow, max-snippet:-1, max-image-preview:large, max-video-preview:-1\" \/>\n<link rel=\"canonical\" href=\"https:\/\/flf-shop.lu\/?product=side-shirt-blanc-enfant\" \/>\n<meta property=\"og:locale\" content=\"fr_FR\" \/>\n<meta property=\"og:type\" content=\"article\" \/>\n<meta property=\"og:title\" content=\"SIDE SHIRT BLANC ENFANT - flf-shop.lu\" \/>\n<meta property=\"og:description\" content=\"BLANC\" \/>\n<meta property=\"og:url\" content=\"https:\/\/flf-shop.lu\/?product=side-shirt-blanc-enfant\" \/>\n<meta property=\"og:site_name\" content=\"flf-shop.lu\" \/>\n<meta property=\"article:publisher\" content=\"https:\/\/www.facebook.com\/FLF.lu\" \/>\n<meta property=\"article:modified_time\" content=\"2026-03-23T09:05:17+00:00\" \/>\n<meta property=\"og:image\" content=\"https:\/\/flf-shop.lu\/wp-content\/uploads\/2024\/11\/LUSSEMBURGO_SIDE_BIA_STAFF_TRAINING_Custom_View_10_2.webp\" \/>\n\t<meta property=\"og:image:width\" content=\"2000\" \/>\n\t<meta property=\"og:image:height\" content=\"2000\" \/>\n\t<meta property=\"og:image:type\" content=\"image\/webp\" \/>\n<meta name=\"twitter:card\" content=\"summary_large_image\" \/>\n<meta name=\"twitter:label1\" content=\"Dur\u00e9e de lecture estim\u00e9e\" \/>\n\t<meta name=\"twitter:data1\" content=\"1 minute\" \/>\n<script type=\"application\/ld+json\" class=\"yoast-schema-graph\">{\"@context\":\"https:\\\/\\\/schema.org\",\"@graph\":[{\"@type\":\"WebPage\",\"@id\":\"https:\\\/\\\/flf-shop.lu\\\/?product=side-shirt-blanc-enfant\",\"url\":\"https:\\\/\\\/flf-shop.lu\\\/?product=side-shirt-blanc-enfant\",\"name\":\"SIDE SHIRT BLANC ENFANT - flf-shop.lu\",\"isPartOf\":{\"@id\":\"https:\\\/\\\/flf-shop.lu\\\/#website\"},\"primaryImageOfPage\":{\"@id\":\"https:\\\/\\\/flf-shop.lu\\\/?product=side-shirt-blanc-enfant#primaryimage\"},\"image\":{\"@id\":\"https:\\\/\\\/flf-shop.lu\\\/?product=side-shirt-blanc-enfant#primaryimage\"},\"thumbnailUrl\":\"https:\\\/\\\/i0.wp.com\\\/flf-shop.lu\\\/wp-content\\\/uploads\\\/2024\\\/11\\\/LUSSEMBURGO_SIDE_BIA_STAFF_TRAINING_Custom_View_10_2.webp?fit=2000%2C2000&quality=80&ssl=1\",\"datePublished\":\"2024-11-07T11:10:41+00:00\",\"dateModified\":\"2026-03-23T09:05:17+00:00\",\"breadcrumb\":{\"@id\":\"https:\\\/\\\/flf-shop.lu\\\/?product=side-shirt-blanc-enfant#breadcrumb\"},\"inLanguage\":\"fr-FR\",\"potentialAction\":[{\"@type\":\"ReadAction\",\"target\":[\"https:\\\/\\\/flf-shop.lu\\\/?product=side-shirt-blanc-enfant\"]}]},{\"@type\":\"ImageObject\",\"inLanguage\":\"fr-FR\",\"@id\":\"https:\\\/\\\/flf-shop.lu\\\/?product=side-shirt-blanc-enfant#primaryimage\",\"url\":\"https:\\\/\\\/i0.wp.com\\\/flf-shop.lu\\\/wp-content\\\/uploads\\\/2024\\\/11\\\/LUSSEMBURGO_SIDE_BIA_STAFF_TRAINING_Custom_View_10_2.webp?fit=2000%2C2000&quality=80&ssl=1\",\"contentUrl\":\"https:\\\/\\\/i0.wp.com\\\/flf-shop.lu\\\/wp-content\\\/uploads\\\/2024\\\/11\\\/LUSSEMBURGO_SIDE_BIA_STAFF_TRAINING_Custom_View_10_2.webp?fit=2000%2C2000&quality=80&ssl=1\",\"width\":2000,\"height\":2000},{\"@type\":\"BreadcrumbList\",\"@id\":\"https:\\\/\\\/flf-shop.lu\\\/?product=side-shirt-blanc-enfant#breadcrumb\",\"itemListElement\":[{\"@type\":\"ListItem\",\"position\":1,\"name\":\"Accueil\",\"item\":\"https:\\\/\\\/flf-shop.lu\\\/\"},{\"@type\":\"ListItem\",\"position\":2,\"name\":\"Boutique\",\"item\":\"https:\\\/\\\/flf-shop.lu\\\/?page_id=11833\"},{\"@type\":\"ListItem\",\"position\":3,\"name\":\"SIDE SHIRT BLANC ENFANT\"}]},{\"@type\":\"WebSite\",\"@id\":\"https:\\\/\\\/flf-shop.lu\\\/#website\",\"url\":\"https:\\\/\\\/flf-shop.lu\\\/\",\"name\":\"flf-shop.lu\",\"description\":\"Rejoins la team Roude L\u00e9iw !\",\"publisher\":{\"@id\":\"https:\\\/\\\/flf-shop.lu\\\/#organization\"},\"potentialAction\":[{\"@type\":\"SearchAction\",\"target\":{\"@type\":\"EntryPoint\",\"urlTemplate\":\"https:\\\/\\\/flf-shop.lu\\\/?s={search_term_string}\"},\"query-input\":{\"@type\":\"PropertyValueSpecification\",\"valueRequired\":true,\"valueName\":\"search_term_string\"}}],\"inLanguage\":\"fr-FR\"},{\"@type\":\"Organization\",\"@id\":\"https:\\\/\\\/flf-shop.lu\\\/#organization\",\"name\":\"flf-shop.lu\",\"url\":\"https:\\\/\\\/flf-shop.lu\\\/\",\"logo\":{\"@type\":\"ImageObject\",\"inLanguage\":\"fr-FR\",\"@id\":\"https:\\\/\\\/flf-shop.lu\\\/#\\\/schema\\\/logo\\\/image\\\/\",\"url\":\"https:\\\/\\\/i0.wp.com\\\/flf-shop.lu\\\/wp-content\\\/uploads\\\/2024\\\/06\\\/cropped-231117_LUXEMBOURG-CREST_FULL-COL_CMYK-01-1.webp?fit=512%2C512&quality=80&ssl=1\",\"contentUrl\":\"https:\\\/\\\/i0.wp.com\\\/flf-shop.lu\\\/wp-content\\\/uploads\\\/2024\\\/06\\\/cropped-231117_LUXEMBOURG-CREST_FULL-COL_CMYK-01-1.webp?fit=512%2C512&quality=80&ssl=1\",\"width\":512,\"height\":512,\"caption\":\"flf-shop.lu\"},\"image\":{\"@id\":\"https:\\\/\\\/flf-shop.lu\\\/#\\\/schema\\\/logo\\\/image\\\/\"},\"sameAs\":[\"https:\\\/\\\/www.facebook.com\\\/FLF.lu\",\"https:\\\/\\\/www.instagram.com\\\/flf.lu\\\/\"]}]}<\/script>\n<!-- \/ Yoast SEO plugin. -->","yoast_head_json":{"title":"SIDE SHIRT BLANC ENFANT - flf-shop.lu","robots":{"index":"index","follow":"follow","max-snippet":"max-snippet:-1","max-image-preview":"max-image-preview:large","max-video-preview":"max-video-preview:-1"},"canonical":"https:\/\/flf-shop.lu\/?product=side-shirt-blanc-enfant","og_locale":"fr_FR","og_type":"article","og_title":"SIDE SHIRT BLANC ENFANT - flf-shop.lu","og_description":"BLANC","og_url":"https:\/\/flf-shop.lu\/?product=side-shirt-blanc-enfant","og_site_name":"flf-shop.lu","article_publisher":"https:\/\/www.facebook.com\/FLF.lu","article_modified_time":"2026-03-23T09:05:17+00:00","og_image":[{"width":2000,"height":2000,"url":"https:\/\/flf-shop.lu\/wp-content\/uploads\/2024\/11\/LUSSEMBURGO_SIDE_BIA_STAFF_TRAINING_Custom_View_10_2.webp","type":"image\/webp"}],"twitter_card":"summary_large_image","twitter_misc":{"Dur\u00e9e de lecture estim\u00e9e":"1 minute"},"schema":{"@context":"https:\/\/schema.org","@graph":[{"@type":"WebPage","@id":"https:\/\/flf-shop.lu\/?product=side-shirt-blanc-enfant","url":"https:\/\/flf-shop.lu\/?product=side-shirt-blanc-enfant","name":"SIDE SHIRT BLANC ENFANT - flf-shop.lu","isPartOf":{"@id":"https:\/\/flf-shop.lu\/#website"},"primaryImageOfPage":{"@id":"https:\/\/flf-shop.lu\/?product=side-shirt-blanc-enfant#primaryimage"},"image":{"@id":"https:\/\/flf-shop.lu\/?product=side-shirt-blanc-enfant#primaryimage"},"thumbnailUrl":"https:\/\/i0.wp.com\/flf-shop.lu\/wp-content\/uploads\/2024\/11\/LUSSEMBURGO_SIDE_BIA_STAFF_TRAINING_Custom_View_10_2.webp?fit=2000%2C2000&quality=80&ssl=1","datePublished":"2024-11-07T11:10:41+00:00","dateModified":"2026-03-23T09:05:17+00:00","breadcrumb":{"@id":"https:\/\/flf-shop.lu\/?product=side-shirt-blanc-enfant#breadcrumb"},"inLanguage":"fr-FR","potentialAction":[{"@type":"ReadAction","target":["https:\/\/flf-shop.lu\/?product=side-shirt-blanc-enfant"]}]},{"@type":"ImageObject","inLanguage":"fr-FR","@id":"https:\/\/flf-shop.lu\/?product=side-shirt-blanc-enfant#primaryimage","url":"https:\/\/i0.wp.com\/flf-shop.lu\/wp-content\/uploads\/2024\/11\/LUSSEMBURGO_SIDE_BIA_STAFF_TRAINING_Custom_View_10_2.webp?fit=2000%2C2000&quality=80&ssl=1","contentUrl":"https:\/\/i0.wp.com\/flf-shop.lu\/wp-content\/uploads\/2024\/11\/LUSSEMBURGO_SIDE_BIA_STAFF_TRAINING_Custom_View_10_2.webp?fit=2000%2C2000&quality=80&ssl=1","width":2000,"height":2000},{"@type":"BreadcrumbList","@id":"https:\/\/flf-shop.lu\/?product=side-shirt-blanc-enfant#breadcrumb","itemListElement":[{"@type":"ListItem","position":1,"name":"Accueil","item":"https:\/\/flf-shop.lu\/"},{"@type":"ListItem","position":2,"name":"Boutique","item":"https:\/\/flf-shop.lu\/?page_id=11833"},{"@type":"ListItem","position":3,"name":"SIDE SHIRT BLANC ENFANT"}]},{"@type":"WebSite","@id":"https:\/\/flf-shop.lu\/#website","url":"https:\/\/flf-shop.lu\/","name":"flf-shop.lu","description":"Rejoins la team Roude L\u00e9iw !","publisher":{"@id":"https:\/\/flf-shop.lu\/#organization"},"potentialAction":[{"@type":"SearchAction","target":{"@type":"EntryPoint","urlTemplate":"https:\/\/flf-shop.lu\/?s={search_term_string}"},"query-input":{"@type":"PropertyValueSpecification","valueRequired":true,"valueName":"search_term_string"}}],"inLanguage":"fr-FR"},{"@type":"Organization","@id":"https:\/\/flf-shop.lu\/#organization","name":"flf-shop.lu","url":"https:\/\/flf-shop.lu\/","logo":{"@type":"ImageObject","inLanguage":"fr-FR","@id":"https:\/\/flf-shop.lu\/#\/schema\/logo\/image\/","url":"https:\/\/i0.wp.com\/flf-shop.lu\/wp-content\/uploads\/2024\/06\/cropped-231117_LUXEMBOURG-CREST_FULL-COL_CMYK-01-1.webp?fit=512%2C512&quality=80&ssl=1","contentUrl":"https:\/\/i0.wp.com\/flf-shop.lu\/wp-content\/uploads\/2024\/06\/cropped-231117_LUXEMBOURG-CREST_FULL-COL_CMYK-01-1.webp?fit=512%2C512&quality=80&ssl=1","width":512,"height":512,"caption":"flf-shop.lu"},"image":{"@id":"https:\/\/flf-shop.lu\/#\/schema\/logo\/image\/"},"sameAs":["https:\/\/www.facebook.com\/FLF.lu","https:\/\/www.instagram.com\/flf.lu\/"]}]}},"jetpack_sharing_enabled":true,"_links":{"self":[{"href":"https:\/\/flf-shop.lu\/index.php?rest_route=\/wp\/v2\/product\/9933","targetHints":{"allow":["GET"]}}],"collection":[{"href":"https:\/\/flf-shop.lu\/index.php?rest_route=\/wp\/v2\/product"}],"about":[{"href":"https:\/\/flf-shop.lu\/index.php?rest_route=\/wp\/v2\/types\/product"}],"wp:featuredmedia":[{"embeddable":true,"href":"https:\/\/flf-shop.lu\/index.php?rest_route=\/wp\/v2\/media\/9689"}],"wp:attachment":[{"href":"https:\/\/flf-shop.lu\/index.php?rest_route=%2Fwp%2Fv2%2Fmedia&parent=9933"}],"wp:term":[{"taxonomy":"product_brand","embeddable":true,"href":"https:\/\/flf-shop.lu\/index.php?rest_route=%2Fwp%2Fv2%2Fproduct_brand&post=9933"},{"taxonomy":"product_cat","embeddable":true,"href":"https:\/\/flf-shop.lu\/index.php?rest_route=%2Fwp%2Fv2%2Fproduct_cat&post=9933"},{"taxonomy":"product_tag","embeddable":true,"href":"https:\/\/flf-shop.lu\/index.php?rest_route=%2Fwp%2Fv2%2Fproduct_tag&post=9933"}],"curies":[{"name":"wp","href":"https:\/\/api.w.org\/{rel}","templated":true}]}}