{"id":9427,"date":"2024-10-16T10:51:02","date_gmt":"2024-10-16T08:51:02","guid":{"rendered":"https:\/\/flf-shop.lu\/?post_type=product&#038;p=9427"},"modified":"2026-03-18T01:04:35","modified_gmt":"2026-03-18T00:04:35","slug":"ponnet-eco-maillot-arbitre-black-manche-longue","status":"publish","type":"product","link":"https:\/\/flf-shop.lu\/?product=ponnet-eco-maillot-arbitre-black-manche-longue","title":{"rendered":"PONNET ECO MAILLOT ARBITRE BLACK MANCHE LONGUE"},"content":{"rendered":"<p>Maillot d&rsquo;arbitre enti\u00e8rement r\u00e9alis\u00e9 en tissu Eco-Fabric, 100\u00a0% issu de PET recycl\u00e9. Le col est rond avec un empi\u00e8cement devant et un dos en tricot. Des empi\u00e8cements en Eco mesh sont pr\u00e9sents sous les manches et \u00e0 l&rsquo;arri\u00e8re du col pour garantir une plus grande respirabilit\u00e9. Le logo Macron Hero est en silicone. Le devant et les manches sont caract\u00e9ris\u00e9s par une texture en relief et le v\u00eatement comporte deux poches porte-cartons ergonomiques \u00e0 fermeture velcro. Disponible en 4\u00a0coloris<\/p>\n<p><strong>Textile :<\/strong><\/p>\n<p><strong>Eco Softlock :<\/strong>\u00a0Tous les v\u00eatements Macron sont fabriqu\u00e9s avec des\u00a0<strong>textiles \u00e9cologiques<\/strong>\u00a0obtenus\u00a0<strong>\u00e0 partir de fibres de polyester recycl\u00e9 \u00e0 100% d\u00e9riv\u00e9 de PET et certifi\u00e9s par le label Global Recycle Standard<\/strong>.<\/p>\n<p>D\u00e9riv\u00e9 du p\u00e9trole ou du gaz naturel, le\u00a0<strong>PET<\/strong>\u00a0est un mat\u00e9riau recyclable \u00e0 100 % remis en circulation sur le march\u00e9 sous la forme de nouveaux produits \u00e9codurables. Plus pr\u00e9cis\u00e9ment, le PET collect\u00e9 apr\u00e8s sa premi\u00e8re utilisation est r\u00e9duit en flocons de 2 mm puis trait\u00e9 pour obtenir une fibre garantissant les m\u00eames performances qu&rsquo;un fil vierge. Le fil ne perd pas ses caract\u00e9ristiques primaires au cours du traitement et sera donc recyclable plusieurs fois. Enfin, compar\u00e9 au polyester vierge,\u00a0<strong>le polyester recycl\u00e9 en PET a pour avantage de consommer moins d&rsquo;\u00e9nergie au cours de la cha\u00eene de production<\/strong>. Par exemple, il faut recycler 13 bouteilles en plastique de 0,5 l pour fabriquer une chemise<\/p>\n<p><strong>Entretien :\u00a0<\/strong><\/p>\n<p>Lavage en machine \u00e0 la temp\u00e9rature maximale de 30\u00b0 C \u00a0&#8211; N&rsquo;utilisez pas d&rsquo;adoucissant &#8211; Repassage au fer froid \u00e0 la temp\u00e9rature maximale de110 \u00b0C sans utilisation de la vapeur &#8211; Ne pas repasser sur les impressions ou les logos. Pas de s\u00e9chage en machine, pas blanchiment, pas de nettoyage \u00e0 sec.<\/p>\n","protected":false},"excerpt":{"rendered":"<p>BLACK<\/p>\n","protected":false},"featured_media":9391,"template":"","meta":{"ocean_post_layout":"","ocean_both_sidebars_style":"","ocean_both_sidebars_content_width":0,"ocean_both_sidebars_sidebars_width":0,"ocean_sidebar":"0","ocean_second_sidebar":"0","ocean_disable_margins":"enable","ocean_add_body_class":"","ocean_shortcode_before_top_bar":"","ocean_shortcode_after_top_bar":"","ocean_shortcode_before_header":"","ocean_shortcode_after_header":"","ocean_has_shortcode":"","ocean_shortcode_after_title":"","ocean_shortcode_before_footer_widgets":"","ocean_shortcode_after_footer_widgets":"","ocean_shortcode_before_footer_bottom":"","ocean_shortcode_after_footer_bottom":"","ocean_display_top_bar":"default","ocean_display_header":"default","ocean_header_style":"","ocean_center_header_left_menu":"0","ocean_custom_header_template":"0","ocean_custom_logo":0,"ocean_custom_retina_logo":0,"ocean_custom_logo_max_width":0,"ocean_custom_logo_tablet_max_width":0,"ocean_custom_logo_mobile_max_width":0,"ocean_custom_logo_max_height":0,"ocean_custom_logo_tablet_max_height":0,"ocean_custom_logo_mobile_max_height":0,"ocean_header_custom_menu":"0","ocean_menu_typo_font_family":"0","ocean_menu_typo_font_subset":"","ocean_menu_typo_font_size":0,"ocean_menu_typo_font_size_tablet":0,"ocean_menu_typo_font_size_mobile":0,"ocean_menu_typo_font_size_unit":"px","ocean_menu_typo_font_weight":"","ocean_menu_typo_font_weight_tablet":"","ocean_menu_typo_font_weight_mobile":"","ocean_menu_typo_transform":"","ocean_menu_typo_transform_tablet":"","ocean_menu_typo_transform_mobile":"","ocean_menu_typo_line_height":0,"ocean_menu_typo_line_height_tablet":0,"ocean_menu_typo_line_height_mobile":0,"ocean_menu_typo_line_height_unit":"","ocean_menu_typo_spacing":0,"ocean_menu_typo_spacing_tablet":0,"ocean_menu_typo_spacing_mobile":0,"ocean_menu_typo_spacing_unit":"","ocean_menu_link_color":"","ocean_menu_link_color_hover":"","ocean_menu_link_color_active":"","ocean_menu_link_background":"","ocean_menu_link_hover_background":"","ocean_menu_link_active_background":"","ocean_menu_social_links_bg":"","ocean_menu_social_hover_links_bg":"","ocean_menu_social_links_color":"","ocean_menu_social_hover_links_color":"","ocean_disable_title":"default","ocean_disable_heading":"default","ocean_post_title":"","ocean_post_subheading":"","ocean_post_title_style":"","ocean_post_title_background_color":"","ocean_post_title_background":0,"ocean_post_title_bg_image_position":"","ocean_post_title_bg_image_attachment":"","ocean_post_title_bg_image_repeat":"","ocean_post_title_bg_image_size":"","ocean_post_title_height":0,"ocean_post_title_bg_overlay":0.5,"ocean_post_title_bg_overlay_color":"","ocean_disable_breadcrumbs":"default","ocean_breadcrumbs_color":"","ocean_breadcrumbs_separator_color":"","ocean_breadcrumbs_links_color":"","ocean_breadcrumbs_links_hover_color":"","ocean_display_footer_widgets":"default","ocean_display_footer_bottom":"default","ocean_custom_footer_template":"0","osp_disable_panel":"default"},"product_brand":[],"product_cat":[322],"product_tag":[478],"class_list":{"0":"post-9427","1":"product","2":"type-product","3":"status-publish","4":"has-post-thumbnail","6":"product_cat-maillot-arbitre","7":"product_tag-arbitre","9":"entry","10":"has-media","11":"tm-no-options","13":"first","14":"instock","15":"taxable","16":"shipping-taxable","17":"purchasable","18":"product-type-variable","19":"has-product-nav","20":"col","21":"span_1_of_3","22":"owp-content-center","23":"owp-thumbs-layout-horizontal","24":"owp-btn-normal","25":"owp-tabs-layout-horizontal","26":"has-no-thumbnails"},"bundled_by":[],"bundle_stock_status":"instock","bundle_stock_quantity":27,"bundle_virtual":false,"bundle_layout":"","bundle_add_to_cart_form_location":"","bundle_editable_in_cart":false,"bundle_sold_individually_context":"","bundle_item_grouping":"","bundle_min_size":"","bundle_max_size":"","bundle_price":[],"bundled_items":[],"bundle_sell_ids":[],"supplier_id":null,"supplier_sku":"","barcode":null,"atum_controlled":true,"out_stock_date":null,"out_stock_threshold":null,"inheritable":true,"inbound_stock":0,"stock_on_hold":0,"sold_today":0,"sales_last_days":0,"reserved_stock":0,"customer_returns":0,"warehouse_damage":0,"lost_in_post":0,"other_logs":0,"out_stock_days":0,"lost_sales":0,"has_location":false,"update_date":"2026-04-15T00:01:01","atum_locations":[],"atum_stock_status":"instock","restock_status":false,"low_stock_amount":35,"sales_update_date":"2026-04-15T00:01:01","calc_backorders":null,"yoast_head":"<!-- This site is optimized with the Yoast SEO plugin v27.3 - https:\/\/yoast.com\/product\/yoast-seo-wordpress\/ -->\n<title>PONNET ECO MAILLOT ARBITRE BLACK MANCHE LONGUE - flf-shop.lu<\/title>\n<meta name=\"robots\" content=\"index, follow, max-snippet:-1, max-image-preview:large, max-video-preview:-1\" \/>\n<link rel=\"canonical\" href=\"https:\/\/flf-shop.lu\/?product=ponnet-eco-maillot-arbitre-black-manche-longue\" \/>\n<meta property=\"og:locale\" content=\"fr_FR\" \/>\n<meta property=\"og:type\" content=\"article\" \/>\n<meta property=\"og:title\" content=\"PONNET ECO MAILLOT ARBITRE BLACK MANCHE LONGUE - flf-shop.lu\" \/>\n<meta property=\"og:description\" content=\"BLACK\" \/>\n<meta property=\"og:url\" content=\"https:\/\/flf-shop.lu\/?product=ponnet-eco-maillot-arbitre-black-manche-longue\" \/>\n<meta property=\"og:site_name\" content=\"flf-shop.lu\" \/>\n<meta property=\"article:publisher\" content=\"https:\/\/www.facebook.com\/FLF.lu\" \/>\n<meta property=\"article:modified_time\" content=\"2026-03-18T00:04:35+00:00\" \/>\n<meta property=\"og:image\" content=\"https:\/\/flf-shop.lu\/wp-content\/uploads\/2024\/10\/Manches-longues-noir.webp\" \/>\n\t<meta property=\"og:image:width\" content=\"1000\" \/>\n\t<meta property=\"og:image:height\" content=\"1000\" \/>\n\t<meta property=\"og:image:type\" content=\"image\/webp\" \/>\n<meta name=\"twitter:card\" content=\"summary_large_image\" \/>\n<meta name=\"twitter:label1\" content=\"Dur\u00e9e de lecture estim\u00e9e\" \/>\n\t<meta name=\"twitter:data1\" content=\"2 minutes\" \/>\n<script type=\"application\/ld+json\" class=\"yoast-schema-graph\">{\"@context\":\"https:\\\/\\\/schema.org\",\"@graph\":[{\"@type\":\"WebPage\",\"@id\":\"https:\\\/\\\/flf-shop.lu\\\/?product=ponnet-eco-maillot-arbitre-black-manche-longue\",\"url\":\"https:\\\/\\\/flf-shop.lu\\\/?product=ponnet-eco-maillot-arbitre-black-manche-longue\",\"name\":\"PONNET ECO MAILLOT ARBITRE BLACK MANCHE LONGUE - flf-shop.lu\",\"isPartOf\":{\"@id\":\"https:\\\/\\\/flf-shop.lu\\\/#website\"},\"primaryImageOfPage\":{\"@id\":\"https:\\\/\\\/flf-shop.lu\\\/?product=ponnet-eco-maillot-arbitre-black-manche-longue#primaryimage\"},\"image\":{\"@id\":\"https:\\\/\\\/flf-shop.lu\\\/?product=ponnet-eco-maillot-arbitre-black-manche-longue#primaryimage\"},\"thumbnailUrl\":\"https:\\\/\\\/i0.wp.com\\\/flf-shop.lu\\\/wp-content\\\/uploads\\\/2024\\\/10\\\/Manches-longues-noir.webp?fit=1000%2C1000&quality=80&ssl=1\",\"datePublished\":\"2024-10-16T08:51:02+00:00\",\"dateModified\":\"2026-03-18T00:04:35+00:00\",\"breadcrumb\":{\"@id\":\"https:\\\/\\\/flf-shop.lu\\\/?product=ponnet-eco-maillot-arbitre-black-manche-longue#breadcrumb\"},\"inLanguage\":\"fr-FR\",\"potentialAction\":[{\"@type\":\"ReadAction\",\"target\":[\"https:\\\/\\\/flf-shop.lu\\\/?product=ponnet-eco-maillot-arbitre-black-manche-longue\"]}]},{\"@type\":\"ImageObject\",\"inLanguage\":\"fr-FR\",\"@id\":\"https:\\\/\\\/flf-shop.lu\\\/?product=ponnet-eco-maillot-arbitre-black-manche-longue#primaryimage\",\"url\":\"https:\\\/\\\/i0.wp.com\\\/flf-shop.lu\\\/wp-content\\\/uploads\\\/2024\\\/10\\\/Manches-longues-noir.webp?fit=1000%2C1000&quality=80&ssl=1\",\"contentUrl\":\"https:\\\/\\\/i0.wp.com\\\/flf-shop.lu\\\/wp-content\\\/uploads\\\/2024\\\/10\\\/Manches-longues-noir.webp?fit=1000%2C1000&quality=80&ssl=1\",\"width\":1000,\"height\":1000},{\"@type\":\"BreadcrumbList\",\"@id\":\"https:\\\/\\\/flf-shop.lu\\\/?product=ponnet-eco-maillot-arbitre-black-manche-longue#breadcrumb\",\"itemListElement\":[{\"@type\":\"ListItem\",\"position\":1,\"name\":\"Accueil\",\"item\":\"https:\\\/\\\/flf-shop.lu\\\/\"},{\"@type\":\"ListItem\",\"position\":2,\"name\":\"Boutique\",\"item\":\"https:\\\/\\\/flf-shop.lu\\\/?page_id=11833\"},{\"@type\":\"ListItem\",\"position\":3,\"name\":\"PONNET ECO MAILLOT ARBITRE BLACK MANCHE LONGUE\"}]},{\"@type\":\"WebSite\",\"@id\":\"https:\\\/\\\/flf-shop.lu\\\/#website\",\"url\":\"https:\\\/\\\/flf-shop.lu\\\/\",\"name\":\"flf-shop.lu\",\"description\":\"Rejoins la team Roude L\u00e9iw !\",\"publisher\":{\"@id\":\"https:\\\/\\\/flf-shop.lu\\\/#organization\"},\"potentialAction\":[{\"@type\":\"SearchAction\",\"target\":{\"@type\":\"EntryPoint\",\"urlTemplate\":\"https:\\\/\\\/flf-shop.lu\\\/?s={search_term_string}\"},\"query-input\":{\"@type\":\"PropertyValueSpecification\",\"valueRequired\":true,\"valueName\":\"search_term_string\"}}],\"inLanguage\":\"fr-FR\"},{\"@type\":\"Organization\",\"@id\":\"https:\\\/\\\/flf-shop.lu\\\/#organization\",\"name\":\"flf-shop.lu\",\"url\":\"https:\\\/\\\/flf-shop.lu\\\/\",\"logo\":{\"@type\":\"ImageObject\",\"inLanguage\":\"fr-FR\",\"@id\":\"https:\\\/\\\/flf-shop.lu\\\/#\\\/schema\\\/logo\\\/image\\\/\",\"url\":\"https:\\\/\\\/i0.wp.com\\\/flf-shop.lu\\\/wp-content\\\/uploads\\\/2024\\\/06\\\/cropped-231117_LUXEMBOURG-CREST_FULL-COL_CMYK-01-1.webp?fit=512%2C512&quality=80&ssl=1\",\"contentUrl\":\"https:\\\/\\\/i0.wp.com\\\/flf-shop.lu\\\/wp-content\\\/uploads\\\/2024\\\/06\\\/cropped-231117_LUXEMBOURG-CREST_FULL-COL_CMYK-01-1.webp?fit=512%2C512&quality=80&ssl=1\",\"width\":512,\"height\":512,\"caption\":\"flf-shop.lu\"},\"image\":{\"@id\":\"https:\\\/\\\/flf-shop.lu\\\/#\\\/schema\\\/logo\\\/image\\\/\"},\"sameAs\":[\"https:\\\/\\\/www.facebook.com\\\/FLF.lu\",\"https:\\\/\\\/www.instagram.com\\\/flf.lu\\\/\"]}]}<\/script>\n<!-- \/ Yoast SEO plugin. -->","yoast_head_json":{"title":"PONNET ECO MAILLOT ARBITRE BLACK MANCHE LONGUE - flf-shop.lu","robots":{"index":"index","follow":"follow","max-snippet":"max-snippet:-1","max-image-preview":"max-image-preview:large","max-video-preview":"max-video-preview:-1"},"canonical":"https:\/\/flf-shop.lu\/?product=ponnet-eco-maillot-arbitre-black-manche-longue","og_locale":"fr_FR","og_type":"article","og_title":"PONNET ECO MAILLOT ARBITRE BLACK MANCHE LONGUE - flf-shop.lu","og_description":"BLACK","og_url":"https:\/\/flf-shop.lu\/?product=ponnet-eco-maillot-arbitre-black-manche-longue","og_site_name":"flf-shop.lu","article_publisher":"https:\/\/www.facebook.com\/FLF.lu","article_modified_time":"2026-03-18T00:04:35+00:00","og_image":[{"width":1000,"height":1000,"url":"https:\/\/flf-shop.lu\/wp-content\/uploads\/2024\/10\/Manches-longues-noir.webp","type":"image\/webp"}],"twitter_card":"summary_large_image","twitter_misc":{"Dur\u00e9e de lecture estim\u00e9e":"2 minutes"},"schema":{"@context":"https:\/\/schema.org","@graph":[{"@type":"WebPage","@id":"https:\/\/flf-shop.lu\/?product=ponnet-eco-maillot-arbitre-black-manche-longue","url":"https:\/\/flf-shop.lu\/?product=ponnet-eco-maillot-arbitre-black-manche-longue","name":"PONNET ECO MAILLOT ARBITRE BLACK MANCHE LONGUE - flf-shop.lu","isPartOf":{"@id":"https:\/\/flf-shop.lu\/#website"},"primaryImageOfPage":{"@id":"https:\/\/flf-shop.lu\/?product=ponnet-eco-maillot-arbitre-black-manche-longue#primaryimage"},"image":{"@id":"https:\/\/flf-shop.lu\/?product=ponnet-eco-maillot-arbitre-black-manche-longue#primaryimage"},"thumbnailUrl":"https:\/\/i0.wp.com\/flf-shop.lu\/wp-content\/uploads\/2024\/10\/Manches-longues-noir.webp?fit=1000%2C1000&quality=80&ssl=1","datePublished":"2024-10-16T08:51:02+00:00","dateModified":"2026-03-18T00:04:35+00:00","breadcrumb":{"@id":"https:\/\/flf-shop.lu\/?product=ponnet-eco-maillot-arbitre-black-manche-longue#breadcrumb"},"inLanguage":"fr-FR","potentialAction":[{"@type":"ReadAction","target":["https:\/\/flf-shop.lu\/?product=ponnet-eco-maillot-arbitre-black-manche-longue"]}]},{"@type":"ImageObject","inLanguage":"fr-FR","@id":"https:\/\/flf-shop.lu\/?product=ponnet-eco-maillot-arbitre-black-manche-longue#primaryimage","url":"https:\/\/i0.wp.com\/flf-shop.lu\/wp-content\/uploads\/2024\/10\/Manches-longues-noir.webp?fit=1000%2C1000&quality=80&ssl=1","contentUrl":"https:\/\/i0.wp.com\/flf-shop.lu\/wp-content\/uploads\/2024\/10\/Manches-longues-noir.webp?fit=1000%2C1000&quality=80&ssl=1","width":1000,"height":1000},{"@type":"BreadcrumbList","@id":"https:\/\/flf-shop.lu\/?product=ponnet-eco-maillot-arbitre-black-manche-longue#breadcrumb","itemListElement":[{"@type":"ListItem","position":1,"name":"Accueil","item":"https:\/\/flf-shop.lu\/"},{"@type":"ListItem","position":2,"name":"Boutique","item":"https:\/\/flf-shop.lu\/?page_id=11833"},{"@type":"ListItem","position":3,"name":"PONNET ECO MAILLOT ARBITRE BLACK MANCHE LONGUE"}]},{"@type":"WebSite","@id":"https:\/\/flf-shop.lu\/#website","url":"https:\/\/flf-shop.lu\/","name":"flf-shop.lu","description":"Rejoins la team Roude L\u00e9iw !","publisher":{"@id":"https:\/\/flf-shop.lu\/#organization"},"potentialAction":[{"@type":"SearchAction","target":{"@type":"EntryPoint","urlTemplate":"https:\/\/flf-shop.lu\/?s={search_term_string}"},"query-input":{"@type":"PropertyValueSpecification","valueRequired":true,"valueName":"search_term_string"}}],"inLanguage":"fr-FR"},{"@type":"Organization","@id":"https:\/\/flf-shop.lu\/#organization","name":"flf-shop.lu","url":"https:\/\/flf-shop.lu\/","logo":{"@type":"ImageObject","inLanguage":"fr-FR","@id":"https:\/\/flf-shop.lu\/#\/schema\/logo\/image\/","url":"https:\/\/i0.wp.com\/flf-shop.lu\/wp-content\/uploads\/2024\/06\/cropped-231117_LUXEMBOURG-CREST_FULL-COL_CMYK-01-1.webp?fit=512%2C512&quality=80&ssl=1","contentUrl":"https:\/\/i0.wp.com\/flf-shop.lu\/wp-content\/uploads\/2024\/06\/cropped-231117_LUXEMBOURG-CREST_FULL-COL_CMYK-01-1.webp?fit=512%2C512&quality=80&ssl=1","width":512,"height":512,"caption":"flf-shop.lu"},"image":{"@id":"https:\/\/flf-shop.lu\/#\/schema\/logo\/image\/"},"sameAs":["https:\/\/www.facebook.com\/FLF.lu","https:\/\/www.instagram.com\/flf.lu\/"]}]}},"jetpack_sharing_enabled":true,"_links":{"self":[{"href":"https:\/\/flf-shop.lu\/index.php?rest_route=\/wp\/v2\/product\/9427","targetHints":{"allow":["GET"]}}],"collection":[{"href":"https:\/\/flf-shop.lu\/index.php?rest_route=\/wp\/v2\/product"}],"about":[{"href":"https:\/\/flf-shop.lu\/index.php?rest_route=\/wp\/v2\/types\/product"}],"wp:featuredmedia":[{"embeddable":true,"href":"https:\/\/flf-shop.lu\/index.php?rest_route=\/wp\/v2\/media\/9391"}],"wp:attachment":[{"href":"https:\/\/flf-shop.lu\/index.php?rest_route=%2Fwp%2Fv2%2Fmedia&parent=9427"}],"wp:term":[{"taxonomy":"product_brand","embeddable":true,"href":"https:\/\/flf-shop.lu\/index.php?rest_route=%2Fwp%2Fv2%2Fproduct_brand&post=9427"},{"taxonomy":"product_cat","embeddable":true,"href":"https:\/\/flf-shop.lu\/index.php?rest_route=%2Fwp%2Fv2%2Fproduct_cat&post=9427"},{"taxonomy":"product_tag","embeddable":true,"href":"https:\/\/flf-shop.lu\/index.php?rest_route=%2Fwp%2Fv2%2Fproduct_tag&post=9427"}],"curies":[{"name":"wp","href":"https:\/\/api.w.org\/{rel}","templated":true}]}}