{"id":7294,"date":"2024-07-04T15:04:45","date_gmt":"2024-07-04T13:04:45","guid":{"rendered":"https:\/\/flf-shop.lu\/?product=full-player-experience-goalkeep-auswaerts-kanner-bundle"},"modified":"2026-03-12T00:14:25","modified_gmt":"2026-03-11T23:14:25","slug":"full-player-experience-goalkeep-auswaerts-kanner-bundle","status":"publish","type":"product","link":"https:\/\/flf-shop.lu\/?product=full-player-experience-goalkeep-auswaerts-kanner-bundle&lang=lu","title":{"rendered":"FULL PLAYER EXPERIENCE GOALKEEPER AUSW\u00c4ERTS KANNER"},"content":{"rendered":"<p>All dr\u00e4i Goalkeeper Trikoten hunn hell faarweg Hannergr\u00ebnn: Neon giel, neonrosa a schwaarz, d\u00e9i direkt Opmierksamkeet um Terrain lackele. De L\u00e9iw, enheraldescht Symbol, g\u00ebtt elegant op d\u00ebsem hellen Hannergrond an der selwechter Faarf widderholl, wat en Touch vu Prestige a Grandeur g\u00ebtt. De ronnen Hals vunall Trikot g\u00ebtt a Schwaarz geschnidden, andeems en Element vun der Uniformit\u00e9itmam Gesamtdesign erg\u00e4nzt, sou w\u00e9i de Rand vun den \u00c4rmelen. De L\u00ebtzebuerger F\u00e4ndel, en Hommage un d&rsquo;Heemecht vun de Goalkeeperen, g\u00ebtt um R\u00e9ck vum Halsbandappliz\u00e9iert, w\u00e4rend de Logo vun der italieenescher Mark stolz op der rietser. S\u00e4it vun der K\u00ebscht bestickt ass. Op der l\u00e9nker S\u00e4it, nieft dem H\u00e4erz, steet deL\u00ebtzebuerger Wopen, e Symbol vun de Goalkeeperen an hirer Leidenschaft fir hir Nationalequipe. All Trikot aus dem antiviralen an antibakterielle Ti-Energy 3.0 Stoff mat Zinkoxid Nanopartikele gemaach, d\u00e9i an de Faseren gekapselt sinn, d\u00e9i efficacen Schutz g\u00e9int Virussen a Bakterien ubidden. Si ginn och mat Minusnine J+ behandelt, sou datt se geint Fl\u00ebssegkeeten waaserdicht sinn. All Kleeder si Oeko-Tex Standard 100 zertifiz\u00e9iert, wat e s\u00e9cher an e gesonde Stoff garant\u00e9iert. Fir d&rsquo;Gr\u00e9issten, kuckt w.e.g den Tableau hei dr\u00ebnner.<\/p>\n","protected":false},"excerpt":{"rendered":"<p>All dr\u00e4i Goalkeeper Trikoten hunn hell faarweg Hannergr\u00ebnn: Neon giel, neonrosa a schwaarz, d\u00e9i direkt Opmierksamkeet um Terrain lackele. De L\u00e9iw, enheraldescht Symbol, g\u00ebtt elegant op d\u00ebsem hellen Hannergrond an der selwechter Faarf widderholl, wat en Touch vu Prestige a Grandeur g\u00ebtt. De ronnen Hals vunall Trikot g\u00ebtt a Schwaarz geschnidden, andeems en Element vun [&hellip;]<\/p>\n","protected":false},"featured_media":6883,"template":"","meta":{"ocean_post_layout":"","ocean_both_sidebars_style":"","ocean_both_sidebars_content_width":0,"ocean_both_sidebars_sidebars_width":0,"ocean_sidebar":"0","ocean_second_sidebar":"0","ocean_disable_margins":"enable","ocean_add_body_class":"","ocean_shortcode_before_top_bar":"","ocean_shortcode_after_top_bar":"","ocean_shortcode_before_header":"","ocean_shortcode_after_header":"","ocean_has_shortcode":"","ocean_shortcode_after_title":"","ocean_shortcode_before_footer_widgets":"","ocean_shortcode_after_footer_widgets":"","ocean_shortcode_before_footer_bottom":"","ocean_shortcode_after_footer_bottom":"","ocean_display_top_bar":"default","ocean_display_header":"default","ocean_header_style":"","ocean_center_header_left_menu":"0","ocean_custom_header_template":"0","ocean_custom_logo":0,"ocean_custom_retina_logo":0,"ocean_custom_logo_max_width":0,"ocean_custom_logo_tablet_max_width":0,"ocean_custom_logo_mobile_max_width":0,"ocean_custom_logo_max_height":0,"ocean_custom_logo_tablet_max_height":0,"ocean_custom_logo_mobile_max_height":0,"ocean_header_custom_menu":"0","ocean_menu_typo_font_family":"0","ocean_menu_typo_font_subset":"","ocean_menu_typo_font_size":0,"ocean_menu_typo_font_size_tablet":0,"ocean_menu_typo_font_size_mobile":0,"ocean_menu_typo_font_size_unit":"px","ocean_menu_typo_font_weight":"","ocean_menu_typo_font_weight_tablet":"","ocean_menu_typo_font_weight_mobile":"","ocean_menu_typo_transform":"","ocean_menu_typo_transform_tablet":"","ocean_menu_typo_transform_mobile":"","ocean_menu_typo_line_height":0,"ocean_menu_typo_line_height_tablet":0,"ocean_menu_typo_line_height_mobile":0,"ocean_menu_typo_line_height_unit":"","ocean_menu_typo_spacing":0,"ocean_menu_typo_spacing_tablet":0,"ocean_menu_typo_spacing_mobile":0,"ocean_menu_typo_spacing_unit":"","ocean_menu_link_color":"","ocean_menu_link_color_hover":"","ocean_menu_link_color_active":"","ocean_menu_link_background":"","ocean_menu_link_hover_background":"","ocean_menu_link_active_background":"","ocean_menu_social_links_bg":"","ocean_menu_social_hover_links_bg":"","ocean_menu_social_links_color":"","ocean_menu_social_hover_links_color":"","ocean_disable_title":"default","ocean_disable_heading":"default","ocean_post_title":"","ocean_post_subheading":"","ocean_post_title_style":"","ocean_post_title_background_color":"","ocean_post_title_background":0,"ocean_post_title_bg_image_position":"","ocean_post_title_bg_image_attachment":"","ocean_post_title_bg_image_repeat":"","ocean_post_title_bg_image_size":"","ocean_post_title_height":0,"ocean_post_title_bg_overlay":0.5,"ocean_post_title_bg_overlay_color":"","ocean_disable_breadcrumbs":"default","ocean_breadcrumbs_color":"","ocean_breadcrumbs_separator_color":"","ocean_breadcrumbs_links_color":"","ocean_breadcrumbs_links_hover_color":"","ocean_display_footer_widgets":"default","ocean_display_footer_bottom":"default","ocean_custom_footer_template":"0","osp_disable_panel":"default"},"product_brand":[],"product_cat":[163,176],"product_tag":[477],"class_list":{"0":"post-7294","1":"product","2":"type-product","3":"status-publish","4":"has-post-thumbnail","6":"product_cat-tenue-complete","7":"product_cat-personnalisable","8":"product_tag-lions-rouges","10":"entry","11":"has-media","12":"tm-has-options","14":"first","15":"instock","16":"virtual","17":"taxable","18":"product-type-bundle","19":"has-product-nav","20":"col","21":"span_1_of_3","22":"owp-content-center","23":"owp-thumbs-layout-horizontal","24":"owp-btn-normal","25":"owp-tabs-layout-horizontal"},"bundled_by":[],"bundle_stock_status":"insufficientstock","bundle_stock_quantity":0,"bundle_virtual":false,"bundle_layout":"default","bundle_add_to_cart_form_location":"default","bundle_editable_in_cart":true,"bundle_sold_individually_context":"product","bundle_item_grouping":"parent","bundle_min_size":"","bundle_max_size":"","bundle_price":{"price":{"min":{"incl_tax":"140","excl_tax":"140"},"max":{"incl_tax":"140","excl_tax":"140"}},"regular_price":{"min":{"incl_tax":"140","excl_tax":"140"},"max":{"incl_tax":"140","excl_tax":"140"}}},"bundled_items":[{"bundled_item_id":77,"product_id":2745,"menu_order":0,"quantity_min":1,"quantity_max":1,"quantity_default":1,"priced_individually":false,"shipped_individually":false,"override_title":false,"title":"GOALKEEPER AUSW\u00c4ERTS TRIKOT KANNER","override_description":true,"description":"","optional":false,"hide_thumbnail":true,"discount":"","override_variations":false,"allowed_variations":[""],"override_default_variation_attributes":false,"default_variation_attributes":[],"single_product_visibility":"visible","cart_visibility":"visible","order_visibility":"visible","single_product_price_visibility":"visible","cart_price_visibility":"visible","order_price_visibility":"visible","stock_status":"in_stock"},{"bundled_item_id":78,"product_id":2749,"menu_order":1,"quantity_min":1,"quantity_max":1,"quantity_default":1,"priced_individually":false,"shipped_individually":false,"override_title":false,"title":"GOALKEEPER SHORT KANNER","override_description":true,"description":"","optional":false,"hide_thumbnail":true,"discount":"","override_variations":false,"allowed_variations":[""],"override_default_variation_attributes":false,"default_variation_attributes":[],"single_product_visibility":"visible","cart_visibility":"visible","order_visibility":"visible","single_product_price_visibility":"visible","cart_price_visibility":"visible","order_price_visibility":"visible","stock_status":"out_of_stock"},{"bundled_item_id":79,"product_id":2763,"menu_order":2,"quantity_min":1,"quantity_max":1,"quantity_default":1,"priced_individually":false,"shipped_individually":false,"override_title":false,"title":"GOALKEEPER STR\u00cbMP KANNER","override_description":true,"description":"","optional":false,"hide_thumbnail":true,"discount":"","override_variations":false,"allowed_variations":[""],"override_default_variation_attributes":false,"default_variation_attributes":[],"single_product_visibility":"visible","cart_visibility":"visible","order_visibility":"visible","single_product_price_visibility":"visible","cart_price_visibility":"visible","order_price_visibility":"visible","stock_status":"in_stock"}],"bundle_sell_ids":[],"supplier_id":null,"supplier_sku":"","barcode":null,"atum_controlled":true,"out_stock_date":null,"out_stock_threshold":null,"inheritable":true,"inbound_stock":0,"stock_on_hold":0,"sold_today":0,"sales_last_days":0,"reserved_stock":0,"customer_returns":0,"warehouse_damage":0,"lost_in_post":0,"other_logs":0,"out_stock_days":0,"lost_sales":0,"has_location":false,"update_date":"2026-04-14T00:00:51","atum_locations":[],"atum_stock_status":"instock","restock_status":false,"low_stock_amount":"","sales_update_date":"2026-04-14T00:00:51","calc_backorders":null,"yoast_head":"<!-- This site is optimized with the Yoast SEO plugin v27.3 - https:\/\/yoast.com\/product\/yoast-seo-wordpress\/ -->\n<title>FULL PLAYER EXPERIENCE GOALKEEPER AUSW\u00c4ERTS KANNER - flf-shop.lu<\/title>\n<meta name=\"robots\" content=\"index, follow, max-snippet:-1, max-image-preview:large, max-video-preview:-1\" \/>\n<link rel=\"canonical\" href=\"https:\/\/flf-shop.lu\/?product=full-player-experience-goalkeep-auswaerts-kanner-bundle&lang=lu\" \/>\n<meta property=\"og:locale\" content=\"fr_FR\" \/>\n<meta property=\"og:type\" content=\"article\" \/>\n<meta property=\"og:title\" content=\"FULL PLAYER EXPERIENCE GOALKEEPER AUSW\u00c4ERTS KANNER - flf-shop.lu\" \/>\n<meta property=\"og:description\" content=\"All dr\u00e4i Goalkeeper Trikoten hunn hell faarweg Hannergr\u00ebnn: Neon giel, neonrosa a schwaarz, d\u00e9i direkt Opmierksamkeet um Terrain lackele. De L\u00e9iw, enheraldescht Symbol, g\u00ebtt elegant op d\u00ebsem hellen Hannergrond an der selwechter Faarf widderholl, wat en Touch vu Prestige a Grandeur g\u00ebtt. De ronnen Hals vunall Trikot g\u00ebtt a Schwaarz geschnidden, andeems en Element vun [&hellip;]\" \/>\n<meta property=\"og:url\" content=\"https:\/\/flf-shop.lu\/?product=full-player-experience-goalkeep-auswaerts-kanner-bundle&amp;lang=lu\" \/>\n<meta property=\"og:site_name\" content=\"flf-shop.lu\" \/>\n<meta property=\"article:publisher\" content=\"https:\/\/www.facebook.com\/FLF.lu\" \/>\n<meta property=\"article:modified_time\" content=\"2026-03-11T23:14:25+00:00\" \/>\n<meta property=\"og:image\" content=\"https:\/\/flf-shop.lu\/wp-content\/uploads\/2024\/06\/FULL-GOAL-EXPERIENCE-AWAY-AVANT-2-1.webp\" \/>\n\t<meta property=\"og:image:width\" content=\"1536\" \/>\n\t<meta property=\"og:image:height\" content=\"2048\" \/>\n\t<meta property=\"og:image:type\" content=\"image\/webp\" \/>\n<meta name=\"twitter:card\" content=\"summary_large_image\" \/>\n<meta name=\"twitter:label1\" content=\"Dur\u00e9e de lecture estim\u00e9e\" \/>\n\t<meta name=\"twitter:data1\" content=\"1 minute\" \/>\n<script type=\"application\/ld+json\" class=\"yoast-schema-graph\">{\"@context\":\"https:\\\/\\\/schema.org\",\"@graph\":[{\"@type\":\"WebPage\",\"@id\":\"https:\\\/\\\/flf-shop.lu\\\/?product=full-player-experience-goalkeep-auswaerts-kanner-bundle&lang=lu\",\"url\":\"https:\\\/\\\/flf-shop.lu\\\/?product=full-player-experience-goalkeep-auswaerts-kanner-bundle&lang=lu\",\"name\":\"FULL PLAYER EXPERIENCE GOALKEEPER AUSW\u00c4ERTS KANNER - flf-shop.lu\",\"isPartOf\":{\"@id\":\"https:\\\/\\\/flf-shop.lu\\\/#website\"},\"primaryImageOfPage\":{\"@id\":\"https:\\\/\\\/flf-shop.lu\\\/?product=full-player-experience-goalkeep-auswaerts-kanner-bundle&lang=lu#primaryimage\"},\"image\":{\"@id\":\"https:\\\/\\\/flf-shop.lu\\\/?product=full-player-experience-goalkeep-auswaerts-kanner-bundle&lang=lu#primaryimage\"},\"thumbnailUrl\":\"https:\\\/\\\/i0.wp.com\\\/flf-shop.lu\\\/wp-content\\\/uploads\\\/2024\\\/06\\\/FULL-GOAL-EXPERIENCE-AWAY-AVANT-2-1.webp?fit=1536%2C2048&quality=80&ssl=1\",\"datePublished\":\"2024-07-04T13:04:45+00:00\",\"dateModified\":\"2026-03-11T23:14:25+00:00\",\"breadcrumb\":{\"@id\":\"https:\\\/\\\/flf-shop.lu\\\/?product=full-player-experience-goalkeep-auswaerts-kanner-bundle&lang=lu#breadcrumb\"},\"inLanguage\":\"fr-FR\",\"potentialAction\":[{\"@type\":\"ReadAction\",\"target\":[\"https:\\\/\\\/flf-shop.lu\\\/?product=full-player-experience-goalkeep-auswaerts-kanner-bundle&lang=lu\"]}]},{\"@type\":\"ImageObject\",\"inLanguage\":\"fr-FR\",\"@id\":\"https:\\\/\\\/flf-shop.lu\\\/?product=full-player-experience-goalkeep-auswaerts-kanner-bundle&lang=lu#primaryimage\",\"url\":\"https:\\\/\\\/i0.wp.com\\\/flf-shop.lu\\\/wp-content\\\/uploads\\\/2024\\\/06\\\/FULL-GOAL-EXPERIENCE-AWAY-AVANT-2-1.webp?fit=1536%2C2048&quality=80&ssl=1\",\"contentUrl\":\"https:\\\/\\\/i0.wp.com\\\/flf-shop.lu\\\/wp-content\\\/uploads\\\/2024\\\/06\\\/FULL-GOAL-EXPERIENCE-AWAY-AVANT-2-1.webp?fit=1536%2C2048&quality=80&ssl=1\",\"width\":1536,\"height\":2048},{\"@type\":\"BreadcrumbList\",\"@id\":\"https:\\\/\\\/flf-shop.lu\\\/?product=full-player-experience-goalkeep-auswaerts-kanner-bundle&lang=lu#breadcrumb\",\"itemListElement\":[{\"@type\":\"ListItem\",\"position\":1,\"name\":\"Accueil\",\"item\":\"https:\\\/\\\/flf-shop.lu\\\/\"},{\"@type\":\"ListItem\",\"position\":2,\"name\":\"Boutique\",\"item\":\"https:\\\/\\\/flf-shop.lu\\\/?page_id=11833\"},{\"@type\":\"ListItem\",\"position\":3,\"name\":\"FULL PLAYER EXPERIENCE GOALKEEPER AUSW\u00c4ERTS KANNER\"}]},{\"@type\":\"WebSite\",\"@id\":\"https:\\\/\\\/flf-shop.lu\\\/#website\",\"url\":\"https:\\\/\\\/flf-shop.lu\\\/\",\"name\":\"flf-shop.lu\",\"description\":\"Rejoins la team Roude L\u00e9iw !\",\"publisher\":{\"@id\":\"https:\\\/\\\/flf-shop.lu\\\/#organization\"},\"potentialAction\":[{\"@type\":\"SearchAction\",\"target\":{\"@type\":\"EntryPoint\",\"urlTemplate\":\"https:\\\/\\\/flf-shop.lu\\\/?s={search_term_string}\"},\"query-input\":{\"@type\":\"PropertyValueSpecification\",\"valueRequired\":true,\"valueName\":\"search_term_string\"}}],\"inLanguage\":\"fr-FR\"},{\"@type\":\"Organization\",\"@id\":\"https:\\\/\\\/flf-shop.lu\\\/#organization\",\"name\":\"flf-shop.lu\",\"url\":\"https:\\\/\\\/flf-shop.lu\\\/\",\"logo\":{\"@type\":\"ImageObject\",\"inLanguage\":\"fr-FR\",\"@id\":\"https:\\\/\\\/flf-shop.lu\\\/#\\\/schema\\\/logo\\\/image\\\/\",\"url\":\"https:\\\/\\\/i0.wp.com\\\/flf-shop.lu\\\/wp-content\\\/uploads\\\/2024\\\/06\\\/cropped-231117_LUXEMBOURG-CREST_FULL-COL_CMYK-01-1.webp?fit=512%2C512&quality=80&ssl=1\",\"contentUrl\":\"https:\\\/\\\/i0.wp.com\\\/flf-shop.lu\\\/wp-content\\\/uploads\\\/2024\\\/06\\\/cropped-231117_LUXEMBOURG-CREST_FULL-COL_CMYK-01-1.webp?fit=512%2C512&quality=80&ssl=1\",\"width\":512,\"height\":512,\"caption\":\"flf-shop.lu\"},\"image\":{\"@id\":\"https:\\\/\\\/flf-shop.lu\\\/#\\\/schema\\\/logo\\\/image\\\/\"},\"sameAs\":[\"https:\\\/\\\/www.facebook.com\\\/FLF.lu\",\"https:\\\/\\\/www.instagram.com\\\/flf.lu\\\/\"]}]}<\/script>\n<!-- \/ Yoast SEO plugin. -->","yoast_head_json":{"title":"FULL PLAYER EXPERIENCE GOALKEEPER AUSW\u00c4ERTS KANNER - flf-shop.lu","robots":{"index":"index","follow":"follow","max-snippet":"max-snippet:-1","max-image-preview":"max-image-preview:large","max-video-preview":"max-video-preview:-1"},"canonical":"https:\/\/flf-shop.lu\/?product=full-player-experience-goalkeep-auswaerts-kanner-bundle&lang=lu","og_locale":"fr_FR","og_type":"article","og_title":"FULL PLAYER EXPERIENCE GOALKEEPER AUSW\u00c4ERTS KANNER - flf-shop.lu","og_description":"All dr\u00e4i Goalkeeper Trikoten hunn hell faarweg Hannergr\u00ebnn: Neon giel, neonrosa a schwaarz, d\u00e9i direkt Opmierksamkeet um Terrain lackele. De L\u00e9iw, enheraldescht Symbol, g\u00ebtt elegant op d\u00ebsem hellen Hannergrond an der selwechter Faarf widderholl, wat en Touch vu Prestige a Grandeur g\u00ebtt. De ronnen Hals vunall Trikot g\u00ebtt a Schwaarz geschnidden, andeems en Element vun [&hellip;]","og_url":"https:\/\/flf-shop.lu\/?product=full-player-experience-goalkeep-auswaerts-kanner-bundle&lang=lu","og_site_name":"flf-shop.lu","article_publisher":"https:\/\/www.facebook.com\/FLF.lu","article_modified_time":"2026-03-11T23:14:25+00:00","og_image":[{"width":1536,"height":2048,"url":"https:\/\/flf-shop.lu\/wp-content\/uploads\/2024\/06\/FULL-GOAL-EXPERIENCE-AWAY-AVANT-2-1.webp","type":"image\/webp"}],"twitter_card":"summary_large_image","twitter_misc":{"Dur\u00e9e de lecture estim\u00e9e":"1 minute"},"schema":{"@context":"https:\/\/schema.org","@graph":[{"@type":"WebPage","@id":"https:\/\/flf-shop.lu\/?product=full-player-experience-goalkeep-auswaerts-kanner-bundle&lang=lu","url":"https:\/\/flf-shop.lu\/?product=full-player-experience-goalkeep-auswaerts-kanner-bundle&lang=lu","name":"FULL PLAYER EXPERIENCE GOALKEEPER AUSW\u00c4ERTS KANNER - flf-shop.lu","isPartOf":{"@id":"https:\/\/flf-shop.lu\/#website"},"primaryImageOfPage":{"@id":"https:\/\/flf-shop.lu\/?product=full-player-experience-goalkeep-auswaerts-kanner-bundle&lang=lu#primaryimage"},"image":{"@id":"https:\/\/flf-shop.lu\/?product=full-player-experience-goalkeep-auswaerts-kanner-bundle&lang=lu#primaryimage"},"thumbnailUrl":"https:\/\/i0.wp.com\/flf-shop.lu\/wp-content\/uploads\/2024\/06\/FULL-GOAL-EXPERIENCE-AWAY-AVANT-2-1.webp?fit=1536%2C2048&quality=80&ssl=1","datePublished":"2024-07-04T13:04:45+00:00","dateModified":"2026-03-11T23:14:25+00:00","breadcrumb":{"@id":"https:\/\/flf-shop.lu\/?product=full-player-experience-goalkeep-auswaerts-kanner-bundle&lang=lu#breadcrumb"},"inLanguage":"fr-FR","potentialAction":[{"@type":"ReadAction","target":["https:\/\/flf-shop.lu\/?product=full-player-experience-goalkeep-auswaerts-kanner-bundle&lang=lu"]}]},{"@type":"ImageObject","inLanguage":"fr-FR","@id":"https:\/\/flf-shop.lu\/?product=full-player-experience-goalkeep-auswaerts-kanner-bundle&lang=lu#primaryimage","url":"https:\/\/i0.wp.com\/flf-shop.lu\/wp-content\/uploads\/2024\/06\/FULL-GOAL-EXPERIENCE-AWAY-AVANT-2-1.webp?fit=1536%2C2048&quality=80&ssl=1","contentUrl":"https:\/\/i0.wp.com\/flf-shop.lu\/wp-content\/uploads\/2024\/06\/FULL-GOAL-EXPERIENCE-AWAY-AVANT-2-1.webp?fit=1536%2C2048&quality=80&ssl=1","width":1536,"height":2048},{"@type":"BreadcrumbList","@id":"https:\/\/flf-shop.lu\/?product=full-player-experience-goalkeep-auswaerts-kanner-bundle&lang=lu#breadcrumb","itemListElement":[{"@type":"ListItem","position":1,"name":"Accueil","item":"https:\/\/flf-shop.lu\/"},{"@type":"ListItem","position":2,"name":"Boutique","item":"https:\/\/flf-shop.lu\/?page_id=11833"},{"@type":"ListItem","position":3,"name":"FULL PLAYER EXPERIENCE GOALKEEPER AUSW\u00c4ERTS KANNER"}]},{"@type":"WebSite","@id":"https:\/\/flf-shop.lu\/#website","url":"https:\/\/flf-shop.lu\/","name":"flf-shop.lu","description":"Rejoins la team Roude L\u00e9iw !","publisher":{"@id":"https:\/\/flf-shop.lu\/#organization"},"potentialAction":[{"@type":"SearchAction","target":{"@type":"EntryPoint","urlTemplate":"https:\/\/flf-shop.lu\/?s={search_term_string}"},"query-input":{"@type":"PropertyValueSpecification","valueRequired":true,"valueName":"search_term_string"}}],"inLanguage":"fr-FR"},{"@type":"Organization","@id":"https:\/\/flf-shop.lu\/#organization","name":"flf-shop.lu","url":"https:\/\/flf-shop.lu\/","logo":{"@type":"ImageObject","inLanguage":"fr-FR","@id":"https:\/\/flf-shop.lu\/#\/schema\/logo\/image\/","url":"https:\/\/i0.wp.com\/flf-shop.lu\/wp-content\/uploads\/2024\/06\/cropped-231117_LUXEMBOURG-CREST_FULL-COL_CMYK-01-1.webp?fit=512%2C512&quality=80&ssl=1","contentUrl":"https:\/\/i0.wp.com\/flf-shop.lu\/wp-content\/uploads\/2024\/06\/cropped-231117_LUXEMBOURG-CREST_FULL-COL_CMYK-01-1.webp?fit=512%2C512&quality=80&ssl=1","width":512,"height":512,"caption":"flf-shop.lu"},"image":{"@id":"https:\/\/flf-shop.lu\/#\/schema\/logo\/image\/"},"sameAs":["https:\/\/www.facebook.com\/FLF.lu","https:\/\/www.instagram.com\/flf.lu\/"]}]}},"jetpack_sharing_enabled":true,"_links":{"self":[{"href":"https:\/\/flf-shop.lu\/index.php?rest_route=\/wp\/v2\/product\/7294","targetHints":{"allow":["GET"]}}],"collection":[{"href":"https:\/\/flf-shop.lu\/index.php?rest_route=\/wp\/v2\/product"}],"about":[{"href":"https:\/\/flf-shop.lu\/index.php?rest_route=\/wp\/v2\/types\/product"}],"wp:featuredmedia":[{"embeddable":true,"href":"https:\/\/flf-shop.lu\/index.php?rest_route=\/wp\/v2\/media\/6883"}],"wp:attachment":[{"href":"https:\/\/flf-shop.lu\/index.php?rest_route=%2Fwp%2Fv2%2Fmedia&parent=7294"}],"wp:term":[{"taxonomy":"product_brand","embeddable":true,"href":"https:\/\/flf-shop.lu\/index.php?rest_route=%2Fwp%2Fv2%2Fproduct_brand&post=7294"},{"taxonomy":"product_cat","embeddable":true,"href":"https:\/\/flf-shop.lu\/index.php?rest_route=%2Fwp%2Fv2%2Fproduct_cat&post=7294"},{"taxonomy":"product_tag","embeddable":true,"href":"https:\/\/flf-shop.lu\/index.php?rest_route=%2Fwp%2Fv2%2Fproduct_tag&post=7294"}],"curies":[{"name":"wp","href":"https:\/\/api.w.org\/{rel}","templated":true}]}}