{"id":7198,"date":"2024-07-03T16:26:14","date_gmt":"2024-07-03T14:26:14","guid":{"rendered":"https:\/\/flf-shop.lu\/?post_type=product&#038;p=7198"},"modified":"2026-03-06T14:49:22","modified_gmt":"2026-03-06T13:49:22","slug":"full-player-experience-exterieur-bundle","status":"publish","type":"product","link":"https:\/\/flf-shop.lu\/?product=full-player-experience-exterieur-bundle","title":{"rendered":"FULL PLAYER EXPERIENCE EXTERIEUR"},"content":{"rendered":"<p>Le maillot a un fond bleu avec un motif de t\u00e2ches bleues et rouges sur le c\u00f4t\u00e9 gauche. Le contraste entre le fond et les taches de couleur cr\u00e9e un effet visuel accrocheur qui captivera l&rsquo;attention des fans de football. Le maillot est compl\u00e9t\u00e9 par un bord de manche aux couleurs rouge, blanc et bleu, tandis que le col en V est bleu, ajoutant une touche dynamique \u00e0 la conception g\u00e9n\u00e9rale. Le short est bleu et assorti \u00e0 des chaussettes de la m\u00eame couleur.<\/p>\n<p>Toutes les tenues sont ajust\u00e9es et fabriqu\u00e9es \u00e0 partir du tissu antiviral et antibact\u00e9rien Ti-Energy 3.0 avec des nanoparticules d&rsquo;oxyde de zinc encapsul\u00e9es dans les fibres, assurant une protection efficace contre les virus et les bact\u00e9ries. Elles sont \u00e9galement trait\u00e9es avec Minusnine J+, les rendant imperm\u00e9ables aux liquides. Tous les v\u00eatements sont certifi\u00e9s Oeko-Tex Standard 100, garantissant un tissu s\u00fbr et sain.<\/p>\n","protected":false},"excerpt":{"rendered":"<p>Le maillot a un fond bleu avec un motif de t\u00e2ches bleues et rouges sur le c\u00f4t\u00e9 gauche. Le contraste entre le fond et les taches de couleur cr\u00e9e un effet visuel accrocheur qui captivera l&rsquo;attention des fans de football. Le maillot est compl\u00e9t\u00e9 par un bord de manche aux couleurs rouge, blanc et bleu, [&hellip;]<\/p>\n","protected":false},"featured_media":6899,"template":"","meta":{"ocean_post_layout":"","ocean_both_sidebars_style":"","ocean_both_sidebars_content_width":0,"ocean_both_sidebars_sidebars_width":0,"ocean_sidebar":"0","ocean_second_sidebar":"0","ocean_disable_margins":"enable","ocean_add_body_class":"","ocean_shortcode_before_top_bar":"","ocean_shortcode_after_top_bar":"","ocean_shortcode_before_header":"","ocean_shortcode_after_header":"","ocean_has_shortcode":"","ocean_shortcode_after_title":"","ocean_shortcode_before_footer_widgets":"","ocean_shortcode_after_footer_widgets":"","ocean_shortcode_before_footer_bottom":"","ocean_shortcode_after_footer_bottom":"","ocean_display_top_bar":"default","ocean_display_header":"default","ocean_header_style":"","ocean_center_header_left_menu":"0","ocean_custom_header_template":"0","ocean_custom_logo":0,"ocean_custom_retina_logo":0,"ocean_custom_logo_max_width":0,"ocean_custom_logo_tablet_max_width":0,"ocean_custom_logo_mobile_max_width":0,"ocean_custom_logo_max_height":0,"ocean_custom_logo_tablet_max_height":0,"ocean_custom_logo_mobile_max_height":0,"ocean_header_custom_menu":"0","ocean_menu_typo_font_family":"0","ocean_menu_typo_font_subset":"","ocean_menu_typo_font_size":0,"ocean_menu_typo_font_size_tablet":0,"ocean_menu_typo_font_size_mobile":0,"ocean_menu_typo_font_size_unit":"px","ocean_menu_typo_font_weight":"","ocean_menu_typo_font_weight_tablet":"","ocean_menu_typo_font_weight_mobile":"","ocean_menu_typo_transform":"","ocean_menu_typo_transform_tablet":"","ocean_menu_typo_transform_mobile":"","ocean_menu_typo_line_height":0,"ocean_menu_typo_line_height_tablet":0,"ocean_menu_typo_line_height_mobile":0,"ocean_menu_typo_line_height_unit":"","ocean_menu_typo_spacing":0,"ocean_menu_typo_spacing_tablet":0,"ocean_menu_typo_spacing_mobile":0,"ocean_menu_typo_spacing_unit":"","ocean_menu_link_color":"","ocean_menu_link_color_hover":"","ocean_menu_link_color_active":"","ocean_menu_link_background":"","ocean_menu_link_hover_background":"","ocean_menu_link_active_background":"","ocean_menu_social_links_bg":"","ocean_menu_social_hover_links_bg":"","ocean_menu_social_links_color":"","ocean_menu_social_hover_links_color":"","ocean_disable_title":"default","ocean_disable_heading":"default","ocean_post_title":"","ocean_post_subheading":"","ocean_post_title_style":"","ocean_post_title_background_color":"","ocean_post_title_background":0,"ocean_post_title_bg_image_position":"","ocean_post_title_bg_image_attachment":"","ocean_post_title_bg_image_repeat":"","ocean_post_title_bg_image_size":"","ocean_post_title_height":0,"ocean_post_title_bg_overlay":0.5,"ocean_post_title_bg_overlay_color":"","ocean_disable_breadcrumbs":"default","ocean_breadcrumbs_color":"","ocean_breadcrumbs_separator_color":"","ocean_breadcrumbs_links_color":"","ocean_breadcrumbs_links_hover_color":"","ocean_display_footer_widgets":"default","ocean_display_footer_bottom":"default","ocean_custom_footer_template":"0","osp_disable_panel":"default"},"product_brand":[],"product_cat":[163,176],"product_tag":[477],"class_list":{"0":"post-7198","1":"product","2":"type-product","3":"status-publish","4":"has-post-thumbnail","6":"product_cat-tenue-complete","7":"product_cat-personnalisable","8":"product_tag-lions-rouges","10":"entry","11":"has-media","12":"tm-has-options","14":"first","15":"instock","16":"virtual","17":"taxable","18":"purchasable","19":"product-type-bundle","20":"has-product-nav","21":"col","22":"span_1_of_3","23":"owp-content-center","24":"owp-thumbs-layout-horizontal","25":"owp-btn-normal","26":"owp-tabs-layout-horizontal"},"bundled_by":[],"bundle_stock_status":"instock","bundle_stock_quantity":45,"bundle_virtual":false,"bundle_layout":"default","bundle_add_to_cart_form_location":"default","bundle_editable_in_cart":true,"bundle_sold_individually_context":"product","bundle_item_grouping":"parent","bundle_min_size":3,"bundle_max_size":3,"bundle_price":{"price":{"min":{"incl_tax":"140","excl_tax":"140"},"max":{"incl_tax":"140","excl_tax":"140"}},"regular_price":{"min":{"incl_tax":"140","excl_tax":"140"},"max":{"incl_tax":"140","excl_tax":"140"}}},"bundled_items":[{"bundled_item_id":146,"product_id":8214,"menu_order":0,"quantity_min":1,"quantity_max":1,"quantity_default":1,"priced_individually":false,"shipped_individually":false,"override_title":false,"title":"MAILLOT EXTERIEUR","override_description":true,"description":"","optional":false,"hide_thumbnail":true,"discount":"","override_variations":false,"allowed_variations":[],"override_default_variation_attributes":false,"default_variation_attributes":[],"single_product_visibility":"visible","cart_visibility":"visible","order_visibility":"visible","single_product_price_visibility":"visible","cart_price_visibility":"visible","order_price_visibility":"visible","stock_status":"in_stock"},{"bundled_item_id":9,"product_id":2452,"menu_order":1,"quantity_min":1,"quantity_max":1,"quantity_default":1,"priced_individually":false,"shipped_individually":false,"override_title":false,"title":"SHORT EXT\u00c9RIEUR","override_description":true,"description":"","optional":false,"hide_thumbnail":true,"discount":"","override_variations":false,"allowed_variations":[],"override_default_variation_attributes":false,"default_variation_attributes":[],"single_product_visibility":"visible","cart_visibility":"visible","order_visibility":"visible","single_product_price_visibility":"visible","cart_price_visibility":"visible","order_price_visibility":"visible","stock_status":"in_stock"},{"bundled_item_id":10,"product_id":2460,"menu_order":2,"quantity_min":1,"quantity_max":1,"quantity_default":1,"priced_individually":false,"shipped_individually":false,"override_title":false,"title":"CHAUSSETTES EXT\u00c9RIEUR","override_description":true,"description":"","optional":false,"hide_thumbnail":true,"discount":"","override_variations":false,"allowed_variations":[],"override_default_variation_attributes":false,"default_variation_attributes":[],"single_product_visibility":"visible","cart_visibility":"visible","order_visibility":"visible","single_product_price_visibility":"visible","cart_price_visibility":"visible","order_price_visibility":"visible","stock_status":"in_stock"}],"bundle_sell_ids":[],"supplier_id":null,"supplier_sku":"","barcode":null,"atum_controlled":true,"out_stock_date":null,"out_stock_threshold":null,"inheritable":true,"inbound_stock":0,"stock_on_hold":0,"sold_today":0,"sales_last_days":0,"reserved_stock":0,"customer_returns":0,"warehouse_damage":0,"lost_in_post":0,"other_logs":0,"out_stock_days":0,"lost_sales":0,"has_location":false,"update_date":"2026-04-07T08:08:44","atum_locations":[],"atum_stock_status":"instock","restock_status":false,"low_stock_amount":"","sales_update_date":"2026-04-07T08:08:44","calc_backorders":null,"yoast_head":"<!-- This site is optimized with the Yoast SEO plugin v26.8 - https:\/\/yoast.com\/product\/yoast-seo-wordpress\/ -->\n<title>FULL PLAYER EXPERIENCE EXTERIEUR - flf-shop.lu<\/title>\n<meta name=\"robots\" content=\"index, follow, max-snippet:-1, max-image-preview:large, max-video-preview:-1\" \/>\n<link rel=\"canonical\" href=\"https:\/\/flf-shop.lu\/?product=full-player-experience-exterieur-bundle\" \/>\n<meta property=\"og:locale\" content=\"fr_FR\" \/>\n<meta property=\"og:type\" content=\"article\" \/>\n<meta property=\"og:title\" content=\"FULL PLAYER EXPERIENCE EXTERIEUR - flf-shop.lu\" \/>\n<meta property=\"og:description\" content=\"Le maillot a un fond bleu avec un motif de t\u00e2ches bleues et rouges sur le c\u00f4t\u00e9 gauche. Le contraste entre le fond et les taches de couleur cr\u00e9e un effet visuel accrocheur qui captivera l&rsquo;attention des fans de football. Le maillot est compl\u00e9t\u00e9 par un bord de manche aux couleurs rouge, blanc et bleu, [&hellip;]\" \/>\n<meta property=\"og:url\" content=\"https:\/\/flf-shop.lu\/?product=full-player-experience-exterieur-bundle\" \/>\n<meta property=\"og:site_name\" content=\"flf-shop.lu\" \/>\n<meta property=\"article:publisher\" content=\"https:\/\/www.facebook.com\/FLF.lu\" \/>\n<meta property=\"article:modified_time\" content=\"2026-03-06T13:49:22+00:00\" \/>\n<meta property=\"og:image\" content=\"https:\/\/flf-shop.lu\/wp-content\/uploads\/2024\/06\/FULL-PLAYER-EXPERIENCE-AWAY-AVANT-2-1.webp\" \/>\n\t<meta property=\"og:image:width\" content=\"1536\" \/>\n\t<meta property=\"og:image:height\" content=\"2048\" \/>\n\t<meta property=\"og:image:type\" content=\"image\/webp\" \/>\n<meta name=\"twitter:card\" content=\"summary_large_image\" \/>\n<meta name=\"twitter:label1\" content=\"Dur\u00e9e de lecture estim\u00e9e\" \/>\n\t<meta name=\"twitter:data1\" content=\"1 minute\" \/>\n<script type=\"application\/ld+json\" class=\"yoast-schema-graph\">{\"@context\":\"https:\/\/schema.org\",\"@graph\":[{\"@type\":\"WebPage\",\"@id\":\"https:\/\/flf-shop.lu\/?product=full-player-experience-exterieur-bundle\",\"url\":\"https:\/\/flf-shop.lu\/?product=full-player-experience-exterieur-bundle\",\"name\":\"FULL PLAYER EXPERIENCE EXTERIEUR - flf-shop.lu\",\"isPartOf\":{\"@id\":\"https:\/\/flf-shop.lu\/#website\"},\"primaryImageOfPage\":{\"@id\":\"https:\/\/flf-shop.lu\/?product=full-player-experience-exterieur-bundle#primaryimage\"},\"image\":{\"@id\":\"https:\/\/flf-shop.lu\/?product=full-player-experience-exterieur-bundle#primaryimage\"},\"thumbnailUrl\":\"https:\/\/i0.wp.com\/flf-shop.lu\/wp-content\/uploads\/2024\/06\/FULL-PLAYER-EXPERIENCE-AWAY-AVANT-2-1.webp?fit=1536%2C2048&quality=80&ssl=1\",\"datePublished\":\"2024-07-03T14:26:14+00:00\",\"dateModified\":\"2026-03-06T13:49:22+00:00\",\"breadcrumb\":{\"@id\":\"https:\/\/flf-shop.lu\/?product=full-player-experience-exterieur-bundle#breadcrumb\"},\"inLanguage\":\"fr-FR\",\"potentialAction\":[{\"@type\":\"ReadAction\",\"target\":[\"https:\/\/flf-shop.lu\/?product=full-player-experience-exterieur-bundle\"]}]},{\"@type\":\"ImageObject\",\"inLanguage\":\"fr-FR\",\"@id\":\"https:\/\/flf-shop.lu\/?product=full-player-experience-exterieur-bundle#primaryimage\",\"url\":\"https:\/\/i0.wp.com\/flf-shop.lu\/wp-content\/uploads\/2024\/06\/FULL-PLAYER-EXPERIENCE-AWAY-AVANT-2-1.webp?fit=1536%2C2048&quality=80&ssl=1\",\"contentUrl\":\"https:\/\/i0.wp.com\/flf-shop.lu\/wp-content\/uploads\/2024\/06\/FULL-PLAYER-EXPERIENCE-AWAY-AVANT-2-1.webp?fit=1536%2C2048&quality=80&ssl=1\",\"width\":1536,\"height\":2048},{\"@type\":\"BreadcrumbList\",\"@id\":\"https:\/\/flf-shop.lu\/?product=full-player-experience-exterieur-bundle#breadcrumb\",\"itemListElement\":[{\"@type\":\"ListItem\",\"position\":1,\"name\":\"Accueil\",\"item\":\"https:\/\/flf-shop.lu\/\"},{\"@type\":\"ListItem\",\"position\":2,\"name\":\"Boutique\",\"item\":\"https:\/\/flf-shop.lu\/?page_id=11833\"},{\"@type\":\"ListItem\",\"position\":3,\"name\":\"FULL PLAYER EXPERIENCE EXTERIEUR\"}]},{\"@type\":\"WebSite\",\"@id\":\"https:\/\/flf-shop.lu\/#website\",\"url\":\"https:\/\/flf-shop.lu\/\",\"name\":\"flf-shop.lu\",\"description\":\"Rejoins la team Roude L\u00e9iw !\",\"publisher\":{\"@id\":\"https:\/\/flf-shop.lu\/#organization\"},\"potentialAction\":[{\"@type\":\"SearchAction\",\"target\":{\"@type\":\"EntryPoint\",\"urlTemplate\":\"https:\/\/flf-shop.lu\/?s={search_term_string}\"},\"query-input\":{\"@type\":\"PropertyValueSpecification\",\"valueRequired\":true,\"valueName\":\"search_term_string\"}}],\"inLanguage\":\"fr-FR\"},{\"@type\":\"Organization\",\"@id\":\"https:\/\/flf-shop.lu\/#organization\",\"name\":\"flf-shop.lu\",\"url\":\"https:\/\/flf-shop.lu\/\",\"logo\":{\"@type\":\"ImageObject\",\"inLanguage\":\"fr-FR\",\"@id\":\"https:\/\/flf-shop.lu\/#\/schema\/logo\/image\/\",\"url\":\"https:\/\/i0.wp.com\/flf-shop.lu\/wp-content\/uploads\/2024\/06\/cropped-231117_LUXEMBOURG-CREST_FULL-COL_CMYK-01-1.webp?fit=512%2C512&quality=80&ssl=1\",\"contentUrl\":\"https:\/\/i0.wp.com\/flf-shop.lu\/wp-content\/uploads\/2024\/06\/cropped-231117_LUXEMBOURG-CREST_FULL-COL_CMYK-01-1.webp?fit=512%2C512&quality=80&ssl=1\",\"width\":512,\"height\":512,\"caption\":\"flf-shop.lu\"},\"image\":{\"@id\":\"https:\/\/flf-shop.lu\/#\/schema\/logo\/image\/\"},\"sameAs\":[\"https:\/\/www.facebook.com\/FLF.lu\",\"https:\/\/www.instagram.com\/flf.lu\/\"]}]}<\/script>\n<!-- \/ Yoast SEO plugin. -->","yoast_head_json":{"title":"FULL PLAYER EXPERIENCE EXTERIEUR - flf-shop.lu","robots":{"index":"index","follow":"follow","max-snippet":"max-snippet:-1","max-image-preview":"max-image-preview:large","max-video-preview":"max-video-preview:-1"},"canonical":"https:\/\/flf-shop.lu\/?product=full-player-experience-exterieur-bundle","og_locale":"fr_FR","og_type":"article","og_title":"FULL PLAYER EXPERIENCE EXTERIEUR - flf-shop.lu","og_description":"Le maillot a un fond bleu avec un motif de t\u00e2ches bleues et rouges sur le c\u00f4t\u00e9 gauche. Le contraste entre le fond et les taches de couleur cr\u00e9e un effet visuel accrocheur qui captivera l&rsquo;attention des fans de football. Le maillot est compl\u00e9t\u00e9 par un bord de manche aux couleurs rouge, blanc et bleu, [&hellip;]","og_url":"https:\/\/flf-shop.lu\/?product=full-player-experience-exterieur-bundle","og_site_name":"flf-shop.lu","article_publisher":"https:\/\/www.facebook.com\/FLF.lu","article_modified_time":"2026-03-06T13:49:22+00:00","og_image":[{"width":1536,"height":2048,"url":"https:\/\/flf-shop.lu\/wp-content\/uploads\/2024\/06\/FULL-PLAYER-EXPERIENCE-AWAY-AVANT-2-1.webp","type":"image\/webp"}],"twitter_card":"summary_large_image","twitter_misc":{"Dur\u00e9e de lecture estim\u00e9e":"1 minute"},"schema":{"@context":"https:\/\/schema.org","@graph":[{"@type":"WebPage","@id":"https:\/\/flf-shop.lu\/?product=full-player-experience-exterieur-bundle","url":"https:\/\/flf-shop.lu\/?product=full-player-experience-exterieur-bundle","name":"FULL PLAYER EXPERIENCE EXTERIEUR - flf-shop.lu","isPartOf":{"@id":"https:\/\/flf-shop.lu\/#website"},"primaryImageOfPage":{"@id":"https:\/\/flf-shop.lu\/?product=full-player-experience-exterieur-bundle#primaryimage"},"image":{"@id":"https:\/\/flf-shop.lu\/?product=full-player-experience-exterieur-bundle#primaryimage"},"thumbnailUrl":"https:\/\/i0.wp.com\/flf-shop.lu\/wp-content\/uploads\/2024\/06\/FULL-PLAYER-EXPERIENCE-AWAY-AVANT-2-1.webp?fit=1536%2C2048&quality=80&ssl=1","datePublished":"2024-07-03T14:26:14+00:00","dateModified":"2026-03-06T13:49:22+00:00","breadcrumb":{"@id":"https:\/\/flf-shop.lu\/?product=full-player-experience-exterieur-bundle#breadcrumb"},"inLanguage":"fr-FR","potentialAction":[{"@type":"ReadAction","target":["https:\/\/flf-shop.lu\/?product=full-player-experience-exterieur-bundle"]}]},{"@type":"ImageObject","inLanguage":"fr-FR","@id":"https:\/\/flf-shop.lu\/?product=full-player-experience-exterieur-bundle#primaryimage","url":"https:\/\/i0.wp.com\/flf-shop.lu\/wp-content\/uploads\/2024\/06\/FULL-PLAYER-EXPERIENCE-AWAY-AVANT-2-1.webp?fit=1536%2C2048&quality=80&ssl=1","contentUrl":"https:\/\/i0.wp.com\/flf-shop.lu\/wp-content\/uploads\/2024\/06\/FULL-PLAYER-EXPERIENCE-AWAY-AVANT-2-1.webp?fit=1536%2C2048&quality=80&ssl=1","width":1536,"height":2048},{"@type":"BreadcrumbList","@id":"https:\/\/flf-shop.lu\/?product=full-player-experience-exterieur-bundle#breadcrumb","itemListElement":[{"@type":"ListItem","position":1,"name":"Accueil","item":"https:\/\/flf-shop.lu\/"},{"@type":"ListItem","position":2,"name":"Boutique","item":"https:\/\/flf-shop.lu\/?page_id=11833"},{"@type":"ListItem","position":3,"name":"FULL PLAYER EXPERIENCE EXTERIEUR"}]},{"@type":"WebSite","@id":"https:\/\/flf-shop.lu\/#website","url":"https:\/\/flf-shop.lu\/","name":"flf-shop.lu","description":"Rejoins la team Roude L\u00e9iw !","publisher":{"@id":"https:\/\/flf-shop.lu\/#organization"},"potentialAction":[{"@type":"SearchAction","target":{"@type":"EntryPoint","urlTemplate":"https:\/\/flf-shop.lu\/?s={search_term_string}"},"query-input":{"@type":"PropertyValueSpecification","valueRequired":true,"valueName":"search_term_string"}}],"inLanguage":"fr-FR"},{"@type":"Organization","@id":"https:\/\/flf-shop.lu\/#organization","name":"flf-shop.lu","url":"https:\/\/flf-shop.lu\/","logo":{"@type":"ImageObject","inLanguage":"fr-FR","@id":"https:\/\/flf-shop.lu\/#\/schema\/logo\/image\/","url":"https:\/\/i0.wp.com\/flf-shop.lu\/wp-content\/uploads\/2024\/06\/cropped-231117_LUXEMBOURG-CREST_FULL-COL_CMYK-01-1.webp?fit=512%2C512&quality=80&ssl=1","contentUrl":"https:\/\/i0.wp.com\/flf-shop.lu\/wp-content\/uploads\/2024\/06\/cropped-231117_LUXEMBOURG-CREST_FULL-COL_CMYK-01-1.webp?fit=512%2C512&quality=80&ssl=1","width":512,"height":512,"caption":"flf-shop.lu"},"image":{"@id":"https:\/\/flf-shop.lu\/#\/schema\/logo\/image\/"},"sameAs":["https:\/\/www.facebook.com\/FLF.lu","https:\/\/www.instagram.com\/flf.lu\/"]}]}},"jetpack_sharing_enabled":true,"_links":{"self":[{"href":"https:\/\/flf-shop.lu\/index.php?rest_route=\/wp\/v2\/product\/7198","targetHints":{"allow":["GET"]}}],"collection":[{"href":"https:\/\/flf-shop.lu\/index.php?rest_route=\/wp\/v2\/product"}],"about":[{"href":"https:\/\/flf-shop.lu\/index.php?rest_route=\/wp\/v2\/types\/product"}],"wp:featuredmedia":[{"embeddable":true,"href":"https:\/\/flf-shop.lu\/index.php?rest_route=\/wp\/v2\/media\/6899"}],"wp:attachment":[{"href":"https:\/\/flf-shop.lu\/index.php?rest_route=%2Fwp%2Fv2%2Fmedia&parent=7198"}],"wp:term":[{"taxonomy":"product_brand","embeddable":true,"href":"https:\/\/flf-shop.lu\/index.php?rest_route=%2Fwp%2Fv2%2Fproduct_brand&post=7198"},{"taxonomy":"product_cat","embeddable":true,"href":"https:\/\/flf-shop.lu\/index.php?rest_route=%2Fwp%2Fv2%2Fproduct_cat&post=7198"},{"taxonomy":"product_tag","embeddable":true,"href":"https:\/\/flf-shop.lu\/index.php?rest_route=%2Fwp%2Fv2%2Fproduct_tag&post=7198"}],"curies":[{"name":"wp","href":"https:\/\/api.w.org\/{rel}","templated":true}]}}