{"id":11319,"date":"2025-03-13T12:07:52","date_gmt":"2025-03-13T11:07:52","guid":{"rendered":"https:\/\/flf-shop.lu\/?post_type=product&#038;p=11319"},"modified":"2026-04-14T18:52:58","modified_gmt":"2026-04-14T16:52:58","slug":"casquette","status":"publish","type":"product","link":"https:\/\/flf-shop.lu\/?product=casquette","title":{"rendered":"CASQUETTE"},"content":{"rendered":"<p><b>Casquette Officielle FLF<\/b><\/p>\n<p>Affichez votre passion pour le football luxembourgeois avec la casquette officielle FLF. Confectionn\u00e9e dans une teinte blanche intemporelle, elle se distingue par son lion rouge brod\u00e9 3D, symbole embl\u00e9matique de l&rsquo;\u00e9quipe nationale. Son design \u00e9pur\u00e9 et sa coupe ajustable garantissent un confort optimal, que ce soit en tribune ou au quotidien. Fabriqu\u00e9e dans un tissu r\u00e9sistant et l\u00e9ger, elle s\u2019adapte \u00e0 toutes les tailles pour un port agr\u00e9able en toute occasion. Un accessoire incontournable pour les supporters qui veulent allier style et fiert\u00e9 nationale.<\/p>\n","protected":false},"excerpt":{"rendered":"<p>BLANC<\/p>\n","protected":false},"featured_media":14003,"template":"","meta":{"ocean_post_layout":"","ocean_both_sidebars_style":"","ocean_both_sidebars_content_width":0,"ocean_both_sidebars_sidebars_width":0,"ocean_sidebar":"0","ocean_second_sidebar":"0","ocean_disable_margins":"enable","ocean_add_body_class":"","ocean_shortcode_before_top_bar":"","ocean_shortcode_after_top_bar":"","ocean_shortcode_before_header":"","ocean_shortcode_after_header":"","ocean_has_shortcode":"","ocean_shortcode_after_title":"","ocean_shortcode_before_footer_widgets":"","ocean_shortcode_after_footer_widgets":"","ocean_shortcode_before_footer_bottom":"","ocean_shortcode_after_footer_bottom":"","ocean_display_top_bar":"default","ocean_display_header":"default","ocean_header_style":"","ocean_center_header_left_menu":"0","ocean_custom_header_template":"0","ocean_custom_logo":0,"ocean_custom_retina_logo":0,"ocean_custom_logo_max_width":0,"ocean_custom_logo_tablet_max_width":0,"ocean_custom_logo_mobile_max_width":0,"ocean_custom_logo_max_height":0,"ocean_custom_logo_tablet_max_height":0,"ocean_custom_logo_mobile_max_height":0,"ocean_header_custom_menu":"0","ocean_menu_typo_font_family":"0","ocean_menu_typo_font_subset":"","ocean_menu_typo_font_size":0,"ocean_menu_typo_font_size_tablet":0,"ocean_menu_typo_font_size_mobile":0,"ocean_menu_typo_font_size_unit":"px","ocean_menu_typo_font_weight":"","ocean_menu_typo_font_weight_tablet":"","ocean_menu_typo_font_weight_mobile":"","ocean_menu_typo_transform":"","ocean_menu_typo_transform_tablet":"","ocean_menu_typo_transform_mobile":"","ocean_menu_typo_line_height":0,"ocean_menu_typo_line_height_tablet":0,"ocean_menu_typo_line_height_mobile":0,"ocean_menu_typo_line_height_unit":"","ocean_menu_typo_spacing":0,"ocean_menu_typo_spacing_tablet":0,"ocean_menu_typo_spacing_mobile":0,"ocean_menu_typo_spacing_unit":"","ocean_menu_link_color":"","ocean_menu_link_color_hover":"","ocean_menu_link_color_active":"","ocean_menu_link_background":"","ocean_menu_link_hover_background":"","ocean_menu_link_active_background":"","ocean_menu_social_links_bg":"","ocean_menu_social_hover_links_bg":"","ocean_menu_social_links_color":"","ocean_menu_social_hover_links_color":"","ocean_disable_title":"default","ocean_disable_heading":"default","ocean_post_title":"","ocean_post_subheading":"","ocean_post_title_style":"","ocean_post_title_background_color":"","ocean_post_title_background":0,"ocean_post_title_bg_image_position":"","ocean_post_title_bg_image_attachment":"","ocean_post_title_bg_image_repeat":"","ocean_post_title_bg_image_size":"","ocean_post_title_height":0,"ocean_post_title_bg_overlay":0.5,"ocean_post_title_bg_overlay_color":"","ocean_disable_breadcrumbs":"default","ocean_breadcrumbs_color":"","ocean_breadcrumbs_separator_color":"","ocean_breadcrumbs_links_color":"","ocean_breadcrumbs_links_hover_color":"","ocean_display_footer_widgets":"default","ocean_display_footer_bottom":"default","ocean_custom_footer_template":"0","osp_disable_panel":"default"},"product_brand":[],"product_cat":[327],"product_tag":[482],"class_list":{"0":"post-11319","1":"product","2":"type-product","3":"status-publish","4":"has-post-thumbnail","6":"product_cat-casquettes-chapeaux","7":"product_tag-fan-merch","9":"entry","10":"has-media","11":"tm-has-options","13":"first","14":"instock","15":"taxable","16":"shipping-taxable","17":"purchasable","18":"product-type-simple","19":"has-product-nav","20":"col","21":"span_1_of_3","22":"owp-content-center","23":"owp-thumbs-layout-horizontal","24":"owp-btn-normal","25":"owp-tabs-layout-horizontal"},"bundled_by":[],"bundle_stock_status":"instock","bundle_stock_quantity":734,"bundle_virtual":false,"bundle_layout":"","bundle_add_to_cart_form_location":"","bundle_editable_in_cart":false,"bundle_sold_individually_context":"","bundle_item_grouping":"","bundle_min_size":"","bundle_max_size":"","bundle_price":[],"bundled_items":[],"bundle_sell_ids":[],"supplier_id":null,"supplier_sku":"5.430.000.833.783","barcode":null,"atum_controlled":true,"out_stock_date":null,"out_stock_threshold":null,"inheritable":false,"inbound_stock":0,"stock_on_hold":0,"sold_today":0,"sales_last_days":1,"reserved_stock":0,"customer_returns":null,"warehouse_damage":0,"lost_in_post":null,"other_logs":0,"out_stock_days":0,"lost_sales":0,"has_location":false,"update_date":"2026-04-27T14:46:48","atum_locations":[],"atum_stock_status":"instock","restock_status":false,"low_stock_amount":"","sales_update_date":"2026-04-27T14:46:48","calc_backorders":null,"yoast_head":"<!-- This site is optimized with the Yoast SEO plugin v27.4 - https:\/\/yoast.com\/product\/yoast-seo-wordpress\/ -->\n<title>Casquette Officielle FLF<\/title>\n<meta name=\"description\" content=\"Affiche ton soutien au Luxembourg avec la casquette FLF officielle. Design \u00e9pur\u00e9, broderie du lion rouge et ajustement parfait. Id\u00e9ale pour les fans !\" \/>\n<meta name=\"robots\" content=\"index, follow, max-snippet:-1, max-image-preview:large, max-video-preview:-1\" \/>\n<link rel=\"canonical\" href=\"https:\/\/flf-shop.lu\/?product=casquette\" \/>\n<meta property=\"og:locale\" content=\"fr_FR\" \/>\n<meta property=\"og:type\" content=\"article\" \/>\n<meta property=\"og:title\" content=\"Casquette Officielle FLF\" \/>\n<meta property=\"og:description\" content=\"Affiche ton soutien au Luxembourg avec la casquette FLF officielle. Design \u00e9pur\u00e9, broderie du lion rouge et ajustement parfait. Id\u00e9ale pour les fans !\" \/>\n<meta property=\"og:url\" content=\"https:\/\/flf-shop.lu\/?product=casquette\" \/>\n<meta property=\"og:site_name\" content=\"flf-shop.lu\" \/>\n<meta property=\"article:publisher\" content=\"https:\/\/www.facebook.com\/FLF.lu\" \/>\n<meta property=\"article:modified_time\" content=\"2026-04-14T16:52:58+00:00\" \/>\n<meta property=\"og:image\" content=\"https:\/\/flf-shop.lu\/wp-content\/uploads\/2025\/03\/WhatsApp-Image-2025-11-20-at-10.44.38-Photoroom.webp\" \/>\n\t<meta property=\"og:image:width\" content=\"1200\" \/>\n\t<meta property=\"og:image:height\" content=\"1200\" \/>\n\t<meta property=\"og:image:type\" content=\"image\/webp\" \/>\n<meta name=\"twitter:card\" content=\"summary_large_image\" \/>\n<meta name=\"twitter:label1\" content=\"Dur\u00e9e de lecture estim\u00e9e\" \/>\n\t<meta name=\"twitter:data1\" content=\"1 minute\" \/>\n<script type=\"application\/ld+json\" class=\"yoast-schema-graph\">{\"@context\":\"https:\\\/\\\/schema.org\",\"@graph\":[{\"@type\":\"WebPage\",\"@id\":\"https:\\\/\\\/flf-shop.lu\\\/?product=casquette\",\"url\":\"https:\\\/\\\/flf-shop.lu\\\/?product=casquette\",\"name\":\"Casquette Officielle FLF\",\"isPartOf\":{\"@id\":\"https:\\\/\\\/flf-shop.lu\\\/#website\"},\"primaryImageOfPage\":{\"@id\":\"https:\\\/\\\/flf-shop.lu\\\/?product=casquette#primaryimage\"},\"image\":{\"@id\":\"https:\\\/\\\/flf-shop.lu\\\/?product=casquette#primaryimage\"},\"thumbnailUrl\":\"https:\\\/\\\/i0.wp.com\\\/flf-shop.lu\\\/wp-content\\\/uploads\\\/2025\\\/03\\\/WhatsApp-Image-2025-11-20-at-10.44.38-Photoroom.webp?fit=1200%2C1200&quality=80&ssl=1\",\"datePublished\":\"2025-03-13T11:07:52+00:00\",\"dateModified\":\"2026-04-14T16:52:58+00:00\",\"description\":\"Affiche ton soutien au Luxembourg avec la casquette FLF officielle. Design \u00e9pur\u00e9, broderie du lion rouge et ajustement parfait. Id\u00e9ale pour les fans !\",\"breadcrumb\":{\"@id\":\"https:\\\/\\\/flf-shop.lu\\\/?product=casquette#breadcrumb\"},\"inLanguage\":\"fr-FR\",\"potentialAction\":[{\"@type\":\"ReadAction\",\"target\":[\"https:\\\/\\\/flf-shop.lu\\\/?product=casquette\"]}]},{\"@type\":\"ImageObject\",\"inLanguage\":\"fr-FR\",\"@id\":\"https:\\\/\\\/flf-shop.lu\\\/?product=casquette#primaryimage\",\"url\":\"https:\\\/\\\/i0.wp.com\\\/flf-shop.lu\\\/wp-content\\\/uploads\\\/2025\\\/03\\\/WhatsApp-Image-2025-11-20-at-10.44.38-Photoroom.webp?fit=1200%2C1200&quality=80&ssl=1\",\"contentUrl\":\"https:\\\/\\\/i0.wp.com\\\/flf-shop.lu\\\/wp-content\\\/uploads\\\/2025\\\/03\\\/WhatsApp-Image-2025-11-20-at-10.44.38-Photoroom.webp?fit=1200%2C1200&quality=80&ssl=1\",\"width\":1200,\"height\":1200},{\"@type\":\"BreadcrumbList\",\"@id\":\"https:\\\/\\\/flf-shop.lu\\\/?product=casquette#breadcrumb\",\"itemListElement\":[{\"@type\":\"ListItem\",\"position\":1,\"name\":\"Accueil\",\"item\":\"https:\\\/\\\/flf-shop.lu\\\/\"},{\"@type\":\"ListItem\",\"position\":2,\"name\":\"Boutique\",\"item\":\"https:\\\/\\\/flf-shop.lu\\\/?page_id=11833\"},{\"@type\":\"ListItem\",\"position\":3,\"name\":\"CASQUETTE\"}]},{\"@type\":\"WebSite\",\"@id\":\"https:\\\/\\\/flf-shop.lu\\\/#website\",\"url\":\"https:\\\/\\\/flf-shop.lu\\\/\",\"name\":\"flf-shop.lu\",\"description\":\"Rejoins la team Roude L\u00e9iw !\",\"publisher\":{\"@id\":\"https:\\\/\\\/flf-shop.lu\\\/#organization\"},\"potentialAction\":[{\"@type\":\"SearchAction\",\"target\":{\"@type\":\"EntryPoint\",\"urlTemplate\":\"https:\\\/\\\/flf-shop.lu\\\/?s={search_term_string}\"},\"query-input\":{\"@type\":\"PropertyValueSpecification\",\"valueRequired\":true,\"valueName\":\"search_term_string\"}}],\"inLanguage\":\"fr-FR\"},{\"@type\":\"Organization\",\"@id\":\"https:\\\/\\\/flf-shop.lu\\\/#organization\",\"name\":\"flf-shop.lu\",\"url\":\"https:\\\/\\\/flf-shop.lu\\\/\",\"logo\":{\"@type\":\"ImageObject\",\"inLanguage\":\"fr-FR\",\"@id\":\"https:\\\/\\\/flf-shop.lu\\\/#\\\/schema\\\/logo\\\/image\\\/\",\"url\":\"https:\\\/\\\/i0.wp.com\\\/flf-shop.lu\\\/wp-content\\\/uploads\\\/2024\\\/06\\\/cropped-231117_LUXEMBOURG-CREST_FULL-COL_CMYK-01-1.webp?fit=512%2C512&quality=80&ssl=1\",\"contentUrl\":\"https:\\\/\\\/i0.wp.com\\\/flf-shop.lu\\\/wp-content\\\/uploads\\\/2024\\\/06\\\/cropped-231117_LUXEMBOURG-CREST_FULL-COL_CMYK-01-1.webp?fit=512%2C512&quality=80&ssl=1\",\"width\":512,\"height\":512,\"caption\":\"flf-shop.lu\"},\"image\":{\"@id\":\"https:\\\/\\\/flf-shop.lu\\\/#\\\/schema\\\/logo\\\/image\\\/\"},\"sameAs\":[\"https:\\\/\\\/www.facebook.com\\\/FLF.lu\",\"https:\\\/\\\/www.instagram.com\\\/flf.lu\\\/\"]}]}<\/script>\n<!-- \/ Yoast SEO plugin. -->","yoast_head_json":{"title":"Casquette Officielle FLF","description":"Affiche ton soutien au Luxembourg avec la casquette FLF officielle. Design \u00e9pur\u00e9, broderie du lion rouge et ajustement parfait. Id\u00e9ale pour les fans !","robots":{"index":"index","follow":"follow","max-snippet":"max-snippet:-1","max-image-preview":"max-image-preview:large","max-video-preview":"max-video-preview:-1"},"canonical":"https:\/\/flf-shop.lu\/?product=casquette","og_locale":"fr_FR","og_type":"article","og_title":"Casquette Officielle FLF","og_description":"Affiche ton soutien au Luxembourg avec la casquette FLF officielle. Design \u00e9pur\u00e9, broderie du lion rouge et ajustement parfait. Id\u00e9ale pour les fans !","og_url":"https:\/\/flf-shop.lu\/?product=casquette","og_site_name":"flf-shop.lu","article_publisher":"https:\/\/www.facebook.com\/FLF.lu","article_modified_time":"2026-04-14T16:52:58+00:00","og_image":[{"width":1200,"height":1200,"url":"https:\/\/flf-shop.lu\/wp-content\/uploads\/2025\/03\/WhatsApp-Image-2025-11-20-at-10.44.38-Photoroom.webp","type":"image\/webp"}],"twitter_card":"summary_large_image","twitter_misc":{"Dur\u00e9e de lecture estim\u00e9e":"1 minute"},"schema":{"@context":"https:\/\/schema.org","@graph":[{"@type":"WebPage","@id":"https:\/\/flf-shop.lu\/?product=casquette","url":"https:\/\/flf-shop.lu\/?product=casquette","name":"Casquette Officielle FLF","isPartOf":{"@id":"https:\/\/flf-shop.lu\/#website"},"primaryImageOfPage":{"@id":"https:\/\/flf-shop.lu\/?product=casquette#primaryimage"},"image":{"@id":"https:\/\/flf-shop.lu\/?product=casquette#primaryimage"},"thumbnailUrl":"https:\/\/i0.wp.com\/flf-shop.lu\/wp-content\/uploads\/2025\/03\/WhatsApp-Image-2025-11-20-at-10.44.38-Photoroom.webp?fit=1200%2C1200&quality=80&ssl=1","datePublished":"2025-03-13T11:07:52+00:00","dateModified":"2026-04-14T16:52:58+00:00","description":"Affiche ton soutien au Luxembourg avec la casquette FLF officielle. Design \u00e9pur\u00e9, broderie du lion rouge et ajustement parfait. Id\u00e9ale pour les fans !","breadcrumb":{"@id":"https:\/\/flf-shop.lu\/?product=casquette#breadcrumb"},"inLanguage":"fr-FR","potentialAction":[{"@type":"ReadAction","target":["https:\/\/flf-shop.lu\/?product=casquette"]}]},{"@type":"ImageObject","inLanguage":"fr-FR","@id":"https:\/\/flf-shop.lu\/?product=casquette#primaryimage","url":"https:\/\/i0.wp.com\/flf-shop.lu\/wp-content\/uploads\/2025\/03\/WhatsApp-Image-2025-11-20-at-10.44.38-Photoroom.webp?fit=1200%2C1200&quality=80&ssl=1","contentUrl":"https:\/\/i0.wp.com\/flf-shop.lu\/wp-content\/uploads\/2025\/03\/WhatsApp-Image-2025-11-20-at-10.44.38-Photoroom.webp?fit=1200%2C1200&quality=80&ssl=1","width":1200,"height":1200},{"@type":"BreadcrumbList","@id":"https:\/\/flf-shop.lu\/?product=casquette#breadcrumb","itemListElement":[{"@type":"ListItem","position":1,"name":"Accueil","item":"https:\/\/flf-shop.lu\/"},{"@type":"ListItem","position":2,"name":"Boutique","item":"https:\/\/flf-shop.lu\/?page_id=11833"},{"@type":"ListItem","position":3,"name":"CASQUETTE"}]},{"@type":"WebSite","@id":"https:\/\/flf-shop.lu\/#website","url":"https:\/\/flf-shop.lu\/","name":"flf-shop.lu","description":"Rejoins la team Roude L\u00e9iw !","publisher":{"@id":"https:\/\/flf-shop.lu\/#organization"},"potentialAction":[{"@type":"SearchAction","target":{"@type":"EntryPoint","urlTemplate":"https:\/\/flf-shop.lu\/?s={search_term_string}"},"query-input":{"@type":"PropertyValueSpecification","valueRequired":true,"valueName":"search_term_string"}}],"inLanguage":"fr-FR"},{"@type":"Organization","@id":"https:\/\/flf-shop.lu\/#organization","name":"flf-shop.lu","url":"https:\/\/flf-shop.lu\/","logo":{"@type":"ImageObject","inLanguage":"fr-FR","@id":"https:\/\/flf-shop.lu\/#\/schema\/logo\/image\/","url":"https:\/\/i0.wp.com\/flf-shop.lu\/wp-content\/uploads\/2024\/06\/cropped-231117_LUXEMBOURG-CREST_FULL-COL_CMYK-01-1.webp?fit=512%2C512&quality=80&ssl=1","contentUrl":"https:\/\/i0.wp.com\/flf-shop.lu\/wp-content\/uploads\/2024\/06\/cropped-231117_LUXEMBOURG-CREST_FULL-COL_CMYK-01-1.webp?fit=512%2C512&quality=80&ssl=1","width":512,"height":512,"caption":"flf-shop.lu"},"image":{"@id":"https:\/\/flf-shop.lu\/#\/schema\/logo\/image\/"},"sameAs":["https:\/\/www.facebook.com\/FLF.lu","https:\/\/www.instagram.com\/flf.lu\/"]}]}},"jetpack_sharing_enabled":true,"_links":{"self":[{"href":"https:\/\/flf-shop.lu\/index.php?rest_route=\/wp\/v2\/product\/11319","targetHints":{"allow":["GET"]}}],"collection":[{"href":"https:\/\/flf-shop.lu\/index.php?rest_route=\/wp\/v2\/product"}],"about":[{"href":"https:\/\/flf-shop.lu\/index.php?rest_route=\/wp\/v2\/types\/product"}],"wp:featuredmedia":[{"embeddable":true,"href":"https:\/\/flf-shop.lu\/index.php?rest_route=\/wp\/v2\/media\/14003"}],"wp:attachment":[{"href":"https:\/\/flf-shop.lu\/index.php?rest_route=%2Fwp%2Fv2%2Fmedia&parent=11319"}],"wp:term":[{"taxonomy":"product_brand","embeddable":true,"href":"https:\/\/flf-shop.lu\/index.php?rest_route=%2Fwp%2Fv2%2Fproduct_brand&post=11319"},{"taxonomy":"product_cat","embeddable":true,"href":"https:\/\/flf-shop.lu\/index.php?rest_route=%2Fwp%2Fv2%2Fproduct_cat&post=11319"},{"taxonomy":"product_tag","embeddable":true,"href":"https:\/\/flf-shop.lu\/index.php?rest_route=%2Fwp%2Fv2%2Fproduct_tag&post=11319"}],"curies":[{"name":"wp","href":"https:\/\/api.w.org\/{rel}","templated":true}]}}