{"id":401,"date":"2024-02-27T11:18:55","date_gmt":"2024-02-27T10:18:55","guid":{"rendered":"https:\/\/flf-shop.lu\/?page_id=401"},"modified":"2025-07-24T14:44:34","modified_gmt":"2025-07-24T12:44:34","slug":"politiques-de-protections-des-donnees-cookies","status":"publish","type":"page","link":"https:\/\/flf-shop.lu\/?page_id=401","title":{"rendered":"POLITIQUES DE PROTECTIONS DES DONNEES &#038; COOKIES"},"content":{"rendered":"\t\t<div data-elementor-type=\"wp-page\" data-elementor-id=\"401\" class=\"elementor elementor-401\" data-elementor-post-type=\"page\">\n\t\t\t\t<div class=\"elementor-element elementor-element-10509c3 e-flex e-con-boxed e-con e-parent\" data-id=\"10509c3\" data-element_type=\"container\" data-e-type=\"container\">\n\t\t\t\t\t<div class=\"e-con-inner\">\n\t\t\t\t<div class=\"elementor-element elementor-element-2874d57 elementor-widget elementor-widget-heading\" data-id=\"2874d57\" data-element_type=\"widget\" data-e-type=\"widget\" data-widget_type=\"heading.default\">\n\t\t\t\t<div class=\"elementor-widget-container\">\n\t\t\t\t\t<h2 class=\"elementor-heading-title elementor-size-default\">POLITIQUE DE PROTECTIONS DES DONN\u00c9ES &amp; COOKIES<\/h2>\t\t\t\t<\/div>\n\t\t\t\t<\/div>\n\t\t\t\t\t<\/div>\n\t\t\t\t<\/div>\n\t\t<div class=\"elementor-element elementor-element-d66bc94 e-flex e-con-boxed e-con e-parent\" data-id=\"d66bc94\" data-element_type=\"container\" data-e-type=\"container\">\n\t\t\t\t\t<div class=\"e-con-inner\">\n\t\t\t\t<div class=\"elementor-element elementor-element-87748a1 elementor-widget elementor-widget-text-editor\" data-id=\"87748a1\" data-element_type=\"widget\" data-e-type=\"widget\" data-widget_type=\"text-editor.default\">\n\t\t\t\t<div class=\"elementor-widget-container\">\n\t\t\t\t\t\t\t\t\t<p>Identit\u00e9 des responsables du traitement.&nbsp;<br>Multiple Entrepreneurship Worldwide, constitu\u00e9e sous la forme d\u2019une soci\u00e9t\u00e9 \u00e0 responsabilit\u00e9 limit\u00e9e \u00e9tablie et ayant son si\u00e8ge \u00e0 166 route de Tr\u00e8ves L6940 Niederanven, utilise et prot\u00e8ge les informations personnelles que vous nous fournissez lorsque vous utilisez le site Internet \u00ab\u00a0www.flf-shop.lu\u00a0\u00bb.<\/p>\n<p>Collecte des informations personnelles :<\/p>\n<p>Lorsque vous visitez notre site Internet, nous pouvons collecter certaines informations personnelles vous concernant, telles que votre nom, votre adresse e-mail, votre num\u00e9ro de t\u00e9l\u00e9phone, etc. Cette collecte d&rsquo;informations se fait lorsque vous remplissez un formulaire de contact, vous passez commande, vous abonnez \u00e0 notre newsletter, ou interagissez avec notre site d&rsquo;une autre mani\u00e8re.<\/p>\n<p>Utilisation des informations personnelles :<\/p>\n<p>Les informations personnelles que nous collectons sont utilis\u00e9es dans le but de vous fournir les services demand\u00e9s, de g\u00e9rer votre participation \u00e0 nos \u00e9v\u00e9nements ou promotions, de livrer vos commandes, de r\u00e9pondre \u00e0 vos demandes de renseignements, d&rsquo;am\u00e9liorer notre site Internet et de vous envoyer des communications marketing, avec votre consentement pr\u00e9alable.<\/p>\n<p>Protection des informations personnelles :<\/p>\n<p>Le responsable s\u2019engage \u00e0 mettre en \u0153uvre les mesures de s\u00e9curit\u00e9 techniques et organisationnelles de nature \u00e0 assurer la protection des donn\u00e9es personnelles contre les risques li\u00e9s \u00e0 l\u2019usage des syst\u00e8mes d\u2019information. La p\u00e9riode de conservation de ces donn\u00e9es est la dur\u00e9e du contrat avec le site, \u00e0 laquelle s\u2019ajoute la p\u00e9riode l\u00e9gale de prescription des r\u00e9clamations en vertu de ce partenariat. D\u00e8s lors que cette p\u00e9riode est expir\u00e9e, les donn\u00e9es seront effac\u00e9es par les responsables conjoints.<\/p>\n<p>Partage des informations personnelles :<\/p>\n<p>Nous pouvons \u00eatre amen\u00e9s \u00e0 partager vos informations personnelles avec des tiers, tels que des prestataires de services et des partenaires commerciaux, dans le but de vous fournir les services demand\u00e9s ou d&rsquo;ex\u00e9cuter des fonctions en notre nom. Nous nous assurons que ces tiers respectent la confidentialit\u00e9 de vos informations et qu&rsquo;ils les utilisent uniquement dans le cadre de la prestation des services convenus.<\/p>\n<p>Cookies :<\/p>\n<p>Notre site Internet utilise des cookies pour am\u00e9liorer votre exp\u00e9rience de navigation et vous fournir des fonctionnalit\u00e9s personnalis\u00e9es. Les cookies sont de petits fichiers texte qui sont stock\u00e9s sur votre ordinateur ou appareil mobile lorsque vous visitez notre site. Vous pouvez configurer votre navigateur pour refuser les cookies ou \u00eatre averti lorsque des cookies sont envoy\u00e9s. <strong><a href=\"https:\/\/flf-shop.lu\/?page_id=3756\">Veuillez consulter notre politique en mati\u00e8re de cookies pour plus d&rsquo;informations.<\/a><\/strong><\/p>\n<p>Liens vers des sites tiers :<\/p>\n<p>Notre site Internet peut contenir des liens vers des sites Internet tiers. Veuillez noter que nous n&rsquo;avons aucun contr\u00f4le sur ces sites et que notre politique de confidentialit\u00e9 ne s&rsquo;applique pas \u00e0 eux. Nous vous encourageons \u00e0 lire les politiques de confidentialit\u00e9 de ces sites tiers avant de fournir vos informations personnelles.<\/p>\n<p>Droits des utilisateurs :<\/p>\n<p>Vous avez le droit d&rsquo;acc\u00e9der \u00e0 vos informations personnelles, de les rectifier, de les supprimer ou de limiter leur utilisation. Vous pouvez \u00e9galement vous opposer au traitement de vos informations personnelles \u00e0 des fins de marketing direct. Pour exercer vos droits ou pour toute question concernant notre politique de confidentialit\u00e9, veuillez nous contacter \u00e0 l&rsquo;adresse e-mail suivante : info@flf-shop.lu.<\/p>\n<p>En outre, la personne concern\u00e9e dispose du droit d\u2019introduire une r\u00e9clamation aupr\u00e8s de la Commission nationale pour la protection des donn\u00e9es, 1 Avenue du Rock\u2019n\u2019Roll, \u00e0 L-4361 ESCH\/ALZETTE (<a href=\"http:\/\/www.cnpd.lu\/\">www.cnpd.lu<\/a>) ou aupr\u00e8s de l\u2019autorit\u00e9 de surveillance comp\u00e9tente de l\u2019\u00e9tat de r\u00e9sidence ou du lieu de l\u2019infraction all\u00e9gu\u00e9e.<\/p>\n<p>Modifications de la politique de confidentialit\u00e9 :<\/p>\n<p>Nous nous r\u00e9servons le droit de modifier cette politique de confidentialit\u00e9 \u00e0 tout moment. Toute modification sera publi\u00e9e sur cette page. Nous vous encourageons \u00e0 consulter r\u00e9guli\u00e8rement cette page pour vous tenir inform\u00e9 des \u00e9ventuelles modifications.<\/p>\n<p>Date de la derni\u00e8re mise \u00e0 jour : 15.04.2024<\/p>\t\t\t\t\t\t\t\t<\/div>\n\t\t\t\t<\/div>\n\t\t\t\t\t<\/div>\n\t\t\t\t<\/div>\n\t\t<div class=\"elementor-element elementor-element-8530f8b e-flex e-con-boxed e-con e-parent\" data-id=\"8530f8b\" data-element_type=\"container\" data-e-type=\"container\">\n\t\t\t\t\t<div class=\"e-con-inner\">\n\t\t\t\t<div class=\"elementor-element elementor-element-4f41a25 elementor-widget-divider--view-line elementor-widget elementor-widget-divider\" data-id=\"4f41a25\" data-element_type=\"widget\" data-e-type=\"widget\" data-widget_type=\"divider.default\">\n\t\t\t\t<div class=\"elementor-widget-container\">\n\t\t\t\t\t\t\t<div class=\"elementor-divider\">\n\t\t\t<span class=\"elementor-divider-separator\">\n\t\t\t\t\t\t<\/span>\n\t\t<\/div>\n\t\t\t\t\t\t<\/div>\n\t\t\t\t<\/div>\n\t\t\t\t\t<\/div>\n\t\t\t\t<\/div>\n\t\t\t\t<\/div>\n\t\t","protected":false},"excerpt":{"rendered":"<p>POLITIQUE DE PROTECTIONS DES DONN\u00c9ES &amp; COOKIES Identit\u00e9 des responsables du traitement.&nbsp;Multiple Entrepreneurship Worldwide, constitu\u00e9e sous la forme d\u2019une soci\u00e9t\u00e9 \u00e0 responsabilit\u00e9 limit\u00e9e \u00e9tablie et ayant son si\u00e8ge \u00e0 166 route de Tr\u00e8ves L6940 Niederanven, utilise et prot\u00e8ge les informations personnelles que vous nous fournissez lorsque vous utilisez le site Internet \u00ab\u00a0www.flf-shop.lu\u00a0\u00bb. Collecte des informations [&hellip;]<\/p>\n","protected":false},"author":1,"featured_media":7075,"parent":0,"menu_order":0,"comment_status":"closed","ping_status":"closed","template":"","meta":{"ocean_post_layout":"","ocean_both_sidebars_style":"","ocean_both_sidebars_content_width":0,"ocean_both_sidebars_sidebars_width":0,"ocean_sidebar":"","ocean_second_sidebar":"","ocean_disable_margins":"enable","ocean_add_body_class":"","ocean_shortcode_before_top_bar":"","ocean_shortcode_after_top_bar":"","ocean_shortcode_before_header":"","ocean_shortcode_after_header":"","ocean_has_shortcode":"","ocean_shortcode_after_title":"","ocean_shortcode_before_footer_widgets":"","ocean_shortcode_after_footer_widgets":"","ocean_shortcode_before_footer_bottom":"","ocean_shortcode_after_footer_bottom":"","ocean_display_top_bar":"default","ocean_display_header":"default","ocean_header_style":"","ocean_center_header_left_menu":"","ocean_custom_header_template":"","ocean_custom_logo":0,"ocean_custom_retina_logo":0,"ocean_custom_logo_max_width":0,"ocean_custom_logo_tablet_max_width":0,"ocean_custom_logo_mobile_max_width":0,"ocean_custom_logo_max_height":0,"ocean_custom_logo_tablet_max_height":0,"ocean_custom_logo_mobile_max_height":0,"ocean_header_custom_menu":"","ocean_menu_typo_font_family":"","ocean_menu_typo_font_subset":"","ocean_menu_typo_font_size":0,"ocean_menu_typo_font_size_tablet":0,"ocean_menu_typo_font_size_mobile":0,"ocean_menu_typo_font_size_unit":"px","ocean_menu_typo_font_weight":"","ocean_menu_typo_font_weight_tablet":"","ocean_menu_typo_font_weight_mobile":"","ocean_menu_typo_transform":"","ocean_menu_typo_transform_tablet":"","ocean_menu_typo_transform_mobile":"","ocean_menu_typo_line_height":0,"ocean_menu_typo_line_height_tablet":0,"ocean_menu_typo_line_height_mobile":0,"ocean_menu_typo_line_height_unit":"","ocean_menu_typo_spacing":0,"ocean_menu_typo_spacing_tablet":0,"ocean_menu_typo_spacing_mobile":0,"ocean_menu_typo_spacing_unit":"","ocean_menu_link_color":"","ocean_menu_link_color_hover":"","ocean_menu_link_color_active":"","ocean_menu_link_background":"","ocean_menu_link_hover_background":"","ocean_menu_link_active_background":"","ocean_menu_social_links_bg":"","ocean_menu_social_hover_links_bg":"","ocean_menu_social_links_color":"","ocean_menu_social_hover_links_color":"","ocean_disable_title":"default","ocean_disable_heading":"default","ocean_post_title":"","ocean_post_subheading":"","ocean_post_title_style":"","ocean_post_title_background_color":"","ocean_post_title_background":0,"ocean_post_title_bg_image_position":"","ocean_post_title_bg_image_attachment":"","ocean_post_title_bg_image_repeat":"","ocean_post_title_bg_image_size":"","ocean_post_title_height":0,"ocean_post_title_bg_overlay":0.5,"ocean_post_title_bg_overlay_color":"","ocean_disable_breadcrumbs":"default","ocean_breadcrumbs_color":"","ocean_breadcrumbs_separator_color":"","ocean_breadcrumbs_links_color":"","ocean_breadcrumbs_links_hover_color":"","ocean_display_footer_widgets":"default","ocean_display_footer_bottom":"default","ocean_custom_footer_template":"","osp_disable_panel":"default","footnotes":""},"class_list":["post-401","page","type-page","status-publish","has-post-thumbnail","hentry","entry","has-media","owp-thumbs-layout-horizontal","owp-btn-normal","owp-tabs-layout-horizontal","has-no-thumbnails","has-product-nav"],"yoast_head":"<!-- This site is optimized with the Yoast SEO plugin v27.4 - https:\/\/yoast.com\/product\/yoast-seo-wordpress\/ -->\n<title>POLITIQUES DE PROTECTIONS DES DONNEES &amp; COOKIES - flf-shop.lu<\/title>\n<meta name=\"description\" content=\"Consultez comment FLF-Shop.lu collecte, utilise et prot\u00e8ge vos donn\u00e9es personnelles.\" \/>\n<meta name=\"robots\" content=\"index, follow, max-snippet:-1, max-image-preview:large, max-video-preview:-1\" \/>\n<link rel=\"canonical\" href=\"https:\/\/flf-shop.lu\/?page_id=401\" \/>\n<meta property=\"og:locale\" content=\"fr_FR\" \/>\n<meta property=\"og:type\" content=\"article\" \/>\n<meta property=\"og:title\" content=\"POLITIQUES DE PROTECTIONS DES DONNEES &amp; COOKIES - flf-shop.lu\" \/>\n<meta property=\"og:description\" content=\"Consultez comment FLF-Shop.lu collecte, utilise et prot\u00e8ge vos donn\u00e9es personnelles.\" \/>\n<meta property=\"og:url\" content=\"https:\/\/flf-shop.lu\/?page_id=401\" \/>\n<meta property=\"og:site_name\" content=\"flf-shop.lu\" \/>\n<meta property=\"article:publisher\" content=\"https:\/\/www.facebook.com\/FLF.lu\" \/>\n<meta property=\"article:modified_time\" content=\"2025-07-24T12:44:34+00:00\" \/>\n<meta property=\"og:image\" content=\"https:\/\/flf-shop.lu\/wp-content\/uploads\/2024\/06\/cropped-231117_LUXEMBOURG-CREST_FULL-COL_CMYK-01-1.webp\" \/>\n\t<meta property=\"og:image:width\" content=\"512\" \/>\n\t<meta property=\"og:image:height\" content=\"512\" \/>\n\t<meta property=\"og:image:type\" content=\"image\/webp\" \/>\n<meta name=\"twitter:card\" content=\"summary_large_image\" \/>\n<meta name=\"twitter:label1\" content=\"Dur\u00e9e de lecture estim\u00e9e\" \/>\n\t<meta name=\"twitter:data1\" content=\"4 minutes\" \/>\n<script type=\"application\/ld+json\" class=\"yoast-schema-graph\">{\"@context\":\"https:\\\/\\\/schema.org\",\"@graph\":[{\"@type\":\"WebPage\",\"@id\":\"https:\\\/\\\/flf-shop.lu\\\/?page_id=401\",\"url\":\"https:\\\/\\\/flf-shop.lu\\\/?page_id=401\",\"name\":\"POLITIQUES DE PROTECTIONS DES DONNEES & COOKIES - flf-shop.lu\",\"isPartOf\":{\"@id\":\"https:\\\/\\\/flf-shop.lu\\\/#website\"},\"primaryImageOfPage\":{\"@id\":\"https:\\\/\\\/flf-shop.lu\\\/?page_id=401#primaryimage\"},\"image\":{\"@id\":\"https:\\\/\\\/flf-shop.lu\\\/?page_id=401#primaryimage\"},\"thumbnailUrl\":\"https:\\\/\\\/i0.wp.com\\\/flf-shop.lu\\\/wp-content\\\/uploads\\\/2024\\\/06\\\/cropped-231117_LUXEMBOURG-CREST_FULL-COL_CMYK-01-1.webp?fit=512%2C512&quality=80&ssl=1\",\"datePublished\":\"2024-02-27T10:18:55+00:00\",\"dateModified\":\"2025-07-24T12:44:34+00:00\",\"description\":\"Consultez comment FLF-Shop.lu collecte, utilise et prot\u00e8ge vos donn\u00e9es personnelles.\",\"breadcrumb\":{\"@id\":\"https:\\\/\\\/flf-shop.lu\\\/?page_id=401#breadcrumb\"},\"inLanguage\":\"fr-FR\",\"potentialAction\":[{\"@type\":\"ReadAction\",\"target\":[\"https:\\\/\\\/flf-shop.lu\\\/?page_id=401\"]}]},{\"@type\":\"ImageObject\",\"inLanguage\":\"fr-FR\",\"@id\":\"https:\\\/\\\/flf-shop.lu\\\/?page_id=401#primaryimage\",\"url\":\"https:\\\/\\\/i0.wp.com\\\/flf-shop.lu\\\/wp-content\\\/uploads\\\/2024\\\/06\\\/cropped-231117_LUXEMBOURG-CREST_FULL-COL_CMYK-01-1.webp?fit=512%2C512&quality=80&ssl=1\",\"contentUrl\":\"https:\\\/\\\/i0.wp.com\\\/flf-shop.lu\\\/wp-content\\\/uploads\\\/2024\\\/06\\\/cropped-231117_LUXEMBOURG-CREST_FULL-COL_CMYK-01-1.webp?fit=512%2C512&quality=80&ssl=1\",\"width\":512,\"height\":512},{\"@type\":\"BreadcrumbList\",\"@id\":\"https:\\\/\\\/flf-shop.lu\\\/?page_id=401#breadcrumb\",\"itemListElement\":[{\"@type\":\"ListItem\",\"position\":1,\"name\":\"Accueil\",\"item\":\"https:\\\/\\\/flf-shop.lu\\\/\"},{\"@type\":\"ListItem\",\"position\":2,\"name\":\"POLITIQUES DE PROTECTIONS DES DONNEES &#038; COOKIES\"}]},{\"@type\":\"WebSite\",\"@id\":\"https:\\\/\\\/flf-shop.lu\\\/#website\",\"url\":\"https:\\\/\\\/flf-shop.lu\\\/\",\"name\":\"flf-shop.lu\",\"description\":\"Rejoins la team Roude L\u00e9iw !\",\"publisher\":{\"@id\":\"https:\\\/\\\/flf-shop.lu\\\/#organization\"},\"potentialAction\":[{\"@type\":\"SearchAction\",\"target\":{\"@type\":\"EntryPoint\",\"urlTemplate\":\"https:\\\/\\\/flf-shop.lu\\\/?s={search_term_string}\"},\"query-input\":{\"@type\":\"PropertyValueSpecification\",\"valueRequired\":true,\"valueName\":\"search_term_string\"}}],\"inLanguage\":\"fr-FR\"},{\"@type\":\"Organization\",\"@id\":\"https:\\\/\\\/flf-shop.lu\\\/#organization\",\"name\":\"flf-shop.lu\",\"url\":\"https:\\\/\\\/flf-shop.lu\\\/\",\"logo\":{\"@type\":\"ImageObject\",\"inLanguage\":\"fr-FR\",\"@id\":\"https:\\\/\\\/flf-shop.lu\\\/#\\\/schema\\\/logo\\\/image\\\/\",\"url\":\"https:\\\/\\\/i0.wp.com\\\/flf-shop.lu\\\/wp-content\\\/uploads\\\/2024\\\/06\\\/cropped-231117_LUXEMBOURG-CREST_FULL-COL_CMYK-01-1.webp?fit=512%2C512&quality=80&ssl=1\",\"contentUrl\":\"https:\\\/\\\/i0.wp.com\\\/flf-shop.lu\\\/wp-content\\\/uploads\\\/2024\\\/06\\\/cropped-231117_LUXEMBOURG-CREST_FULL-COL_CMYK-01-1.webp?fit=512%2C512&quality=80&ssl=1\",\"width\":512,\"height\":512,\"caption\":\"flf-shop.lu\"},\"image\":{\"@id\":\"https:\\\/\\\/flf-shop.lu\\\/#\\\/schema\\\/logo\\\/image\\\/\"},\"sameAs\":[\"https:\\\/\\\/www.facebook.com\\\/FLF.lu\",\"https:\\\/\\\/www.instagram.com\\\/flf.lu\\\/\"]}]}<\/script>\n<!-- \/ Yoast SEO plugin. -->","yoast_head_json":{"title":"POLITIQUES DE PROTECTIONS DES DONNEES & COOKIES - flf-shop.lu","description":"Consultez comment FLF-Shop.lu collecte, utilise et prot\u00e8ge vos donn\u00e9es personnelles.","robots":{"index":"index","follow":"follow","max-snippet":"max-snippet:-1","max-image-preview":"max-image-preview:large","max-video-preview":"max-video-preview:-1"},"canonical":"https:\/\/flf-shop.lu\/?page_id=401","og_locale":"fr_FR","og_type":"article","og_title":"POLITIQUES DE PROTECTIONS DES DONNEES & COOKIES - flf-shop.lu","og_description":"Consultez comment FLF-Shop.lu collecte, utilise et prot\u00e8ge vos donn\u00e9es personnelles.","og_url":"https:\/\/flf-shop.lu\/?page_id=401","og_site_name":"flf-shop.lu","article_publisher":"https:\/\/www.facebook.com\/FLF.lu","article_modified_time":"2025-07-24T12:44:34+00:00","og_image":[{"width":512,"height":512,"url":"https:\/\/flf-shop.lu\/wp-content\/uploads\/2024\/06\/cropped-231117_LUXEMBOURG-CREST_FULL-COL_CMYK-01-1.webp","type":"image\/webp"}],"twitter_card":"summary_large_image","twitter_misc":{"Dur\u00e9e de lecture estim\u00e9e":"4 minutes"},"schema":{"@context":"https:\/\/schema.org","@graph":[{"@type":"WebPage","@id":"https:\/\/flf-shop.lu\/?page_id=401","url":"https:\/\/flf-shop.lu\/?page_id=401","name":"POLITIQUES DE PROTECTIONS DES DONNEES & COOKIES - flf-shop.lu","isPartOf":{"@id":"https:\/\/flf-shop.lu\/#website"},"primaryImageOfPage":{"@id":"https:\/\/flf-shop.lu\/?page_id=401#primaryimage"},"image":{"@id":"https:\/\/flf-shop.lu\/?page_id=401#primaryimage"},"thumbnailUrl":"https:\/\/i0.wp.com\/flf-shop.lu\/wp-content\/uploads\/2024\/06\/cropped-231117_LUXEMBOURG-CREST_FULL-COL_CMYK-01-1.webp?fit=512%2C512&quality=80&ssl=1","datePublished":"2024-02-27T10:18:55+00:00","dateModified":"2025-07-24T12:44:34+00:00","description":"Consultez comment FLF-Shop.lu collecte, utilise et prot\u00e8ge vos donn\u00e9es personnelles.","breadcrumb":{"@id":"https:\/\/flf-shop.lu\/?page_id=401#breadcrumb"},"inLanguage":"fr-FR","potentialAction":[{"@type":"ReadAction","target":["https:\/\/flf-shop.lu\/?page_id=401"]}]},{"@type":"ImageObject","inLanguage":"fr-FR","@id":"https:\/\/flf-shop.lu\/?page_id=401#primaryimage","url":"https:\/\/i0.wp.com\/flf-shop.lu\/wp-content\/uploads\/2024\/06\/cropped-231117_LUXEMBOURG-CREST_FULL-COL_CMYK-01-1.webp?fit=512%2C512&quality=80&ssl=1","contentUrl":"https:\/\/i0.wp.com\/flf-shop.lu\/wp-content\/uploads\/2024\/06\/cropped-231117_LUXEMBOURG-CREST_FULL-COL_CMYK-01-1.webp?fit=512%2C512&quality=80&ssl=1","width":512,"height":512},{"@type":"BreadcrumbList","@id":"https:\/\/flf-shop.lu\/?page_id=401#breadcrumb","itemListElement":[{"@type":"ListItem","position":1,"name":"Accueil","item":"https:\/\/flf-shop.lu\/"},{"@type":"ListItem","position":2,"name":"POLITIQUES DE PROTECTIONS DES DONNEES &#038; COOKIES"}]},{"@type":"WebSite","@id":"https:\/\/flf-shop.lu\/#website","url":"https:\/\/flf-shop.lu\/","name":"flf-shop.lu","description":"Rejoins la team Roude L\u00e9iw !","publisher":{"@id":"https:\/\/flf-shop.lu\/#organization"},"potentialAction":[{"@type":"SearchAction","target":{"@type":"EntryPoint","urlTemplate":"https:\/\/flf-shop.lu\/?s={search_term_string}"},"query-input":{"@type":"PropertyValueSpecification","valueRequired":true,"valueName":"search_term_string"}}],"inLanguage":"fr-FR"},{"@type":"Organization","@id":"https:\/\/flf-shop.lu\/#organization","name":"flf-shop.lu","url":"https:\/\/flf-shop.lu\/","logo":{"@type":"ImageObject","inLanguage":"fr-FR","@id":"https:\/\/flf-shop.lu\/#\/schema\/logo\/image\/","url":"https:\/\/i0.wp.com\/flf-shop.lu\/wp-content\/uploads\/2024\/06\/cropped-231117_LUXEMBOURG-CREST_FULL-COL_CMYK-01-1.webp?fit=512%2C512&quality=80&ssl=1","contentUrl":"https:\/\/i0.wp.com\/flf-shop.lu\/wp-content\/uploads\/2024\/06\/cropped-231117_LUXEMBOURG-CREST_FULL-COL_CMYK-01-1.webp?fit=512%2C512&quality=80&ssl=1","width":512,"height":512,"caption":"flf-shop.lu"},"image":{"@id":"https:\/\/flf-shop.lu\/#\/schema\/logo\/image\/"},"sameAs":["https:\/\/www.facebook.com\/FLF.lu","https:\/\/www.instagram.com\/flf.lu\/"]}]}},"jetpack_sharing_enabled":true,"_links":{"self":[{"href":"https:\/\/flf-shop.lu\/index.php?rest_route=\/wp\/v2\/pages\/401","targetHints":{"allow":["GET"]}}],"collection":[{"href":"https:\/\/flf-shop.lu\/index.php?rest_route=\/wp\/v2\/pages"}],"about":[{"href":"https:\/\/flf-shop.lu\/index.php?rest_route=\/wp\/v2\/types\/page"}],"author":[{"embeddable":true,"href":"https:\/\/flf-shop.lu\/index.php?rest_route=\/wp\/v2\/users\/1"}],"replies":[{"embeddable":true,"href":"https:\/\/flf-shop.lu\/index.php?rest_route=%2Fwp%2Fv2%2Fcomments&post=401"}],"version-history":[{"count":22,"href":"https:\/\/flf-shop.lu\/index.php?rest_route=\/wp\/v2\/pages\/401\/revisions"}],"predecessor-version":[{"id":12685,"href":"https:\/\/flf-shop.lu\/index.php?rest_route=\/wp\/v2\/pages\/401\/revisions\/12685"}],"wp:featuredmedia":[{"embeddable":true,"href":"https:\/\/flf-shop.lu\/index.php?rest_route=\/wp\/v2\/media\/7075"}],"wp:attachment":[{"href":"https:\/\/flf-shop.lu\/index.php?rest_route=%2Fwp%2Fv2%2Fmedia&parent=401"}],"curies":[{"name":"wp","href":"https:\/\/api.w.org\/{rel}","templated":true}]}}