{"id":399,"date":"2024-02-27T11:17:26","date_gmt":"2024-02-27T10:17:26","guid":{"rendered":"https:\/\/flf-shop.lu\/?page_id=399"},"modified":"2025-07-24T14:09:04","modified_gmt":"2025-07-24T12:09:04","slug":"mentions-legales","status":"publish","type":"page","link":"https:\/\/flf-shop.lu\/?page_id=399","title":{"rendered":"MENTIONS LEGALES"},"content":{"rendered":"\t\t<div data-elementor-type=\"wp-page\" data-elementor-id=\"399\" class=\"elementor elementor-399\" data-elementor-post-type=\"page\">\n\t\t\t\t<div class=\"elementor-element elementor-element-f8f8beb e-flex e-con-boxed e-con e-parent\" data-id=\"f8f8beb\" data-element_type=\"container\" data-e-type=\"container\">\n\t\t\t\t\t<div class=\"e-con-inner\">\n\t\t\t\t<div class=\"elementor-element elementor-element-feb0ac1 elementor-widget elementor-widget-heading\" data-id=\"feb0ac1\" data-element_type=\"widget\" data-e-type=\"widget\" data-widget_type=\"heading.default\">\n\t\t\t\t<div class=\"elementor-widget-container\">\n\t\t\t\t\t<h2 class=\"elementor-heading-title elementor-size-default\">MENTIONS L\u00c9GALES<\/h2>\t\t\t\t<\/div>\n\t\t\t\t<\/div>\n\t\t\t\t\t<\/div>\n\t\t\t\t<\/div>\n\t\t<div class=\"elementor-element elementor-element-19afae5 e-flex e-con-boxed e-con e-parent\" data-id=\"19afae5\" data-element_type=\"container\" data-e-type=\"container\">\n\t\t\t\t\t<div class=\"e-con-inner\">\n\t\t\t\t<div class=\"elementor-element elementor-element-8dff778 elementor-widget elementor-widget-text-editor\" data-id=\"8dff778\" data-element_type=\"widget\" data-e-type=\"widget\" data-widget_type=\"text-editor.default\">\n\t\t\t\t<div class=\"elementor-widget-container\">\n\t\t\t\t\t\t\t\t\t<p>Mentions L\u00e9gales pour www.flf-shop.lu<\/p><p>Propri\u00e9t\u00e9<\/p><p>Ce site web, situ\u00e9 \u00e0 www.flf-shop.lu, est la propri\u00e9t\u00e9 de et est exploit\u00e9 par Multiple Entrepreneurship Worldwide SARL (MEW), enregistr\u00e9e au Luxembourg sous le num\u00e9ro de soci\u00e9t\u00e9 B213422, avec son si\u00e8ge social au 166 route de Tr\u00e8ves, L-6940 Niederanven, Luxembourg. Le site est le e-shop officiel de la F\u00e9d\u00e9ration Luxembourgeoise de Football (FLF).<\/p><p>Utilisation du Site<\/p><p>L&rsquo;utilisation de ce site est soumise aux\u00a0 conditions suivants, que les utilisateurs acceptent en acc\u00e9dant et en utilisant le site. Le site fournit des informations relatives aux produits propos\u00e9s par le e-shop officiel de la F\u00e9d\u00e9ration Luxembourgeoise de Football et permet aux utilisateurs d&rsquo;acheter ces produits. Tous les utilisateurs sont tenus d&rsquo;utiliser ce site de mani\u00e8re responsable et conforme aux lois et r\u00e9glementations applicables.<\/p><p>Propri\u00e9t\u00e9 Intellectuelle<\/p><p>Tout le contenu de ce site, y compris les textes, graphiques, logos, ic\u00f4nes, images et logiciels, est la propri\u00e9t\u00e9 de MEW ou de ses fournisseurs de contenu et est prot\u00e9g\u00e9 par les lois sur le droit d&rsquo;auteur du Luxembourg et internationales. Les marques \u00ab\u00a0Team Roude L\u00e9iw\u00a0\u00bb et \u00ab\u00a0FLF\u00a0\u00bb sont des marques d\u00e9pos\u00e9es de FLF et utilis\u00e9e dous licence par MEW. L&rsquo;utilisation non autoris\u00e9e de toutes marques, logos ou noms commerciaux est interdite.<\/p><p>Avertissement de Garantie<\/p><p>Le site et toutes les informations, contenus, mat\u00e9riaux et produits inclus ou autrement mis \u00e0 votre disposition via le site sont fournis par MEW sur une base \u00ab\u00a0tel quel\u00a0\u00bb et \u00ab\u00a0selon la disponibilit\u00e9\u00a0\u00bb, sauf indication contraire \u00e9crite. MEW ne fait aucune d\u00e9claration ni garantie de quelque nature que ce soit, expresse ou implicite, quant au fonctionnement du site ou aux informations, contenus, mat\u00e9riaux ou produits inclus sur ce site. Vous convenez express\u00e9ment que votre utilisation de ce site est \u00e0 votre seul risque.<\/p><p>Limitation de Responsabilit\u00e9<\/p><p>MEW ne sera pas responsable des dommages de toute nature d\u00e9coulant de l&rsquo;utilisation de ce site, y compris, mais sans s&rsquo;y limiter, les dommages directs, indirects, accessoires, et cons\u00e9cutifs, dans toute la mesure permise par la loi.<\/p><p>Loi Applicable<\/p><p>En visitant www.flf-shop.lu, vous acceptez que les lois du Luxembourg, sans tenir compte des principes de conflit de lois, r\u00e9gissent ces Mentions L\u00e9gales et tout litige\u00a0relevant de l\u2019utilisation du site qui pourrait survenir entre vous et MEW ou ses associ\u00e9s.<\/p><p>Modifications des Mentions L\u00e9gales<\/p><p>MEW se r\u00e9serve le droit de modifier notre site, nos politiques, les conditions d\u2019utilisation et ces Mentions L\u00e9gales \u00e0 tout moment sans pr\u00e9avis. Les utilisateurs sont encourag\u00e9s \u00e0 r\u00e9viser r\u00e9guli\u00e8rement le site et ces avis pour les mises \u00e0 jour.<\/p><p>Politique de Confidentialit\u00e9<\/p><p>Votre vie priv\u00e9e est d&rsquo;une importance capitale pour nous. Nous nous engageons \u00e0 prot\u00e9ger vos informations personnelles et \u00e0 garantir que votre exp\u00e9rience sur notre site soit s\u00e9curis\u00e9e et respectueuse de vos droits \u00e0 la vie priv\u00e9e.<\/p><p>Nous vous encourageons vivement \u00e0 lire notre Politique de Confidentialit\u00e9, qui d\u00e9crit la mani\u00e8re dont nous collectons, utilisons, prot\u00e9geons et g\u00e9rons vos donn\u00e9es personnelles. Comprendre nos pratiques concernant vos informations personnelles vous aidera \u00e0 prendre des d\u00e9cisions \u00e9clair\u00e9es concernant l&rsquo;utilisation de notre site web et de ses services.<\/p><p>Pour consulter notre Politique de Confidentialit\u00e9 en d\u00e9tail, veuillez cliquer ici. Cette politique est essentielle \u00e0 nos pratiques et est con\u00e7ue pour vous aider \u00e0 vous sentir plus confiant concernant la confidentialit\u00e9 et la s\u00e9curit\u00e9 de vos informations personnelles.<\/p><p>Pour toute question ou pr\u00e9occupation concernant nos pratiques de confidentialit\u00e9, n&rsquo;h\u00e9sitez pas \u00e0 nous contacter \u00e0 info@flf-shop.lu. Nous nous engageons \u00e0 garantir la protection de votre vie priv\u00e9e et serons heureux de fournir toute clarification dont vous pourriez avoir besoin.<\/p><p>Informations de Contact<\/p><p>Pour toute question concernant ces mentions l\u00e9gales ou toute autre demande, veuillez nous contacter \u00e0 info@flf-shop.lu ou par t\u00e9l\u00e9phone au +352 26 35 28 33. Nous sommes d\u00e9di\u00e9s \u00e0 assurer que votre exp\u00e9rience sur notre site soit aussi s\u00e9curis\u00e9e et agr\u00e9able que possible et sommes disponibles pour r\u00e9pondre \u00e0 toutes vos questions ou pr\u00e9occupations.<\/p>\t\t\t\t\t\t\t\t<\/div>\n\t\t\t\t<\/div>\n\t\t\t\t\t<\/div>\n\t\t\t\t<\/div>\n\t\t\t\t<\/div>\n\t\t","protected":false},"excerpt":{"rendered":"<p>MENTIONS L\u00c9GALES Mentions L\u00e9gales pour www.flf-shop.lu Propri\u00e9t\u00e9 Ce site web, situ\u00e9 \u00e0 www.flf-shop.lu, est la propri\u00e9t\u00e9 de et est exploit\u00e9 par Multiple Entrepreneurship Worldwide SARL (MEW), enregistr\u00e9e au Luxembourg sous le num\u00e9ro de soci\u00e9t\u00e9 B213422, avec son si\u00e8ge social au 166 route de Tr\u00e8ves, L-6940 Niederanven, Luxembourg. Le site est le e-shop officiel de la [&hellip;]<\/p>\n","protected":false},"author":1,"featured_media":7075,"parent":0,"menu_order":0,"comment_status":"closed","ping_status":"closed","template":"","meta":{"ocean_post_layout":"","ocean_both_sidebars_style":"","ocean_both_sidebars_content_width":0,"ocean_both_sidebars_sidebars_width":0,"ocean_sidebar":"","ocean_second_sidebar":"","ocean_disable_margins":"enable","ocean_add_body_class":"","ocean_shortcode_before_top_bar":"","ocean_shortcode_after_top_bar":"","ocean_shortcode_before_header":"","ocean_shortcode_after_header":"","ocean_has_shortcode":"","ocean_shortcode_after_title":"","ocean_shortcode_before_footer_widgets":"","ocean_shortcode_after_footer_widgets":"","ocean_shortcode_before_footer_bottom":"","ocean_shortcode_after_footer_bottom":"","ocean_display_top_bar":"default","ocean_display_header":"default","ocean_header_style":"","ocean_center_header_left_menu":"","ocean_custom_header_template":"","ocean_custom_logo":0,"ocean_custom_retina_logo":0,"ocean_custom_logo_max_width":0,"ocean_custom_logo_tablet_max_width":0,"ocean_custom_logo_mobile_max_width":0,"ocean_custom_logo_max_height":0,"ocean_custom_logo_tablet_max_height":0,"ocean_custom_logo_mobile_max_height":0,"ocean_header_custom_menu":"","ocean_menu_typo_font_family":"","ocean_menu_typo_font_subset":"","ocean_menu_typo_font_size":0,"ocean_menu_typo_font_size_tablet":0,"ocean_menu_typo_font_size_mobile":0,"ocean_menu_typo_font_size_unit":"px","ocean_menu_typo_font_weight":"","ocean_menu_typo_font_weight_tablet":"","ocean_menu_typo_font_weight_mobile":"","ocean_menu_typo_transform":"","ocean_menu_typo_transform_tablet":"","ocean_menu_typo_transform_mobile":"","ocean_menu_typo_line_height":0,"ocean_menu_typo_line_height_tablet":0,"ocean_menu_typo_line_height_mobile":0,"ocean_menu_typo_line_height_unit":"","ocean_menu_typo_spacing":0,"ocean_menu_typo_spacing_tablet":0,"ocean_menu_typo_spacing_mobile":0,"ocean_menu_typo_spacing_unit":"","ocean_menu_link_color":"","ocean_menu_link_color_hover":"","ocean_menu_link_color_active":"","ocean_menu_link_background":"","ocean_menu_link_hover_background":"","ocean_menu_link_active_background":"","ocean_menu_social_links_bg":"","ocean_menu_social_hover_links_bg":"","ocean_menu_social_links_color":"","ocean_menu_social_hover_links_color":"","ocean_disable_title":"default","ocean_disable_heading":"default","ocean_post_title":"","ocean_post_subheading":"","ocean_post_title_style":"","ocean_post_title_background_color":"","ocean_post_title_background":0,"ocean_post_title_bg_image_position":"","ocean_post_title_bg_image_attachment":"","ocean_post_title_bg_image_repeat":"","ocean_post_title_bg_image_size":"","ocean_post_title_height":0,"ocean_post_title_bg_overlay":0.5,"ocean_post_title_bg_overlay_color":"","ocean_disable_breadcrumbs":"default","ocean_breadcrumbs_color":"","ocean_breadcrumbs_separator_color":"","ocean_breadcrumbs_links_color":"","ocean_breadcrumbs_links_hover_color":"","ocean_display_footer_widgets":"default","ocean_display_footer_bottom":"default","ocean_custom_footer_template":"","osp_disable_panel":"default","footnotes":""},"class_list":["post-399","page","type-page","status-publish","has-post-thumbnail","hentry","entry","has-media","owp-thumbs-layout-horizontal","owp-btn-normal","owp-tabs-layout-horizontal","has-no-thumbnails","has-product-nav"],"yoast_head":"<!-- This site is optimized with the Yoast SEO plugin v27.3 - https:\/\/yoast.com\/product\/yoast-seo-wordpress\/ -->\n<title>MENTIONS LEGALES - flf-shop.lu<\/title>\n<meta name=\"description\" content=\"Consultez les informations l\u00e9gales de FLF-Shop.lu : identification, conditions d\u2019utilisation et obligations l\u00e9gales\" \/>\n<meta name=\"robots\" content=\"index, follow, max-snippet:-1, max-image-preview:large, max-video-preview:-1\" \/>\n<link rel=\"canonical\" href=\"https:\/\/flf-shop.lu\/?page_id=399\" \/>\n<meta property=\"og:locale\" content=\"fr_FR\" \/>\n<meta property=\"og:type\" content=\"article\" \/>\n<meta property=\"og:title\" content=\"MENTIONS LEGALES - flf-shop.lu\" \/>\n<meta property=\"og:description\" content=\"Consultez les informations l\u00e9gales de FLF-Shop.lu : identification, conditions d\u2019utilisation et obligations l\u00e9gales\" \/>\n<meta property=\"og:url\" content=\"https:\/\/flf-shop.lu\/?page_id=399\" \/>\n<meta property=\"og:site_name\" content=\"flf-shop.lu\" \/>\n<meta property=\"article:publisher\" content=\"https:\/\/www.facebook.com\/FLF.lu\" \/>\n<meta property=\"article:modified_time\" content=\"2025-07-24T12:09:04+00:00\" \/>\n<meta property=\"og:image\" content=\"https:\/\/flf-shop.lu\/wp-content\/uploads\/2024\/06\/cropped-231117_LUXEMBOURG-CREST_FULL-COL_CMYK-01-1.webp\" \/>\n\t<meta property=\"og:image:width\" content=\"512\" \/>\n\t<meta property=\"og:image:height\" content=\"512\" \/>\n\t<meta property=\"og:image:type\" content=\"image\/webp\" \/>\n<meta name=\"twitter:card\" content=\"summary_large_image\" \/>\n<meta name=\"twitter:label1\" content=\"Dur\u00e9e de lecture estim\u00e9e\" \/>\n\t<meta name=\"twitter:data1\" content=\"4 minutes\" \/>\n<script type=\"application\/ld+json\" class=\"yoast-schema-graph\">{\"@context\":\"https:\\\/\\\/schema.org\",\"@graph\":[{\"@type\":\"WebPage\",\"@id\":\"https:\\\/\\\/flf-shop.lu\\\/?page_id=399\",\"url\":\"https:\\\/\\\/flf-shop.lu\\\/?page_id=399\",\"name\":\"MENTIONS LEGALES - flf-shop.lu\",\"isPartOf\":{\"@id\":\"https:\\\/\\\/flf-shop.lu\\\/#website\"},\"primaryImageOfPage\":{\"@id\":\"https:\\\/\\\/flf-shop.lu\\\/?page_id=399#primaryimage\"},\"image\":{\"@id\":\"https:\\\/\\\/flf-shop.lu\\\/?page_id=399#primaryimage\"},\"thumbnailUrl\":\"https:\\\/\\\/i0.wp.com\\\/flf-shop.lu\\\/wp-content\\\/uploads\\\/2024\\\/06\\\/cropped-231117_LUXEMBOURG-CREST_FULL-COL_CMYK-01-1.webp?fit=512%2C512&quality=80&ssl=1\",\"datePublished\":\"2024-02-27T10:17:26+00:00\",\"dateModified\":\"2025-07-24T12:09:04+00:00\",\"description\":\"Consultez les informations l\u00e9gales de FLF-Shop.lu : identification, conditions d\u2019utilisation et obligations l\u00e9gales\",\"breadcrumb\":{\"@id\":\"https:\\\/\\\/flf-shop.lu\\\/?page_id=399#breadcrumb\"},\"inLanguage\":\"fr-FR\",\"potentialAction\":[{\"@type\":\"ReadAction\",\"target\":[\"https:\\\/\\\/flf-shop.lu\\\/?page_id=399\"]}]},{\"@type\":\"ImageObject\",\"inLanguage\":\"fr-FR\",\"@id\":\"https:\\\/\\\/flf-shop.lu\\\/?page_id=399#primaryimage\",\"url\":\"https:\\\/\\\/i0.wp.com\\\/flf-shop.lu\\\/wp-content\\\/uploads\\\/2024\\\/06\\\/cropped-231117_LUXEMBOURG-CREST_FULL-COL_CMYK-01-1.webp?fit=512%2C512&quality=80&ssl=1\",\"contentUrl\":\"https:\\\/\\\/i0.wp.com\\\/flf-shop.lu\\\/wp-content\\\/uploads\\\/2024\\\/06\\\/cropped-231117_LUXEMBOURG-CREST_FULL-COL_CMYK-01-1.webp?fit=512%2C512&quality=80&ssl=1\",\"width\":512,\"height\":512},{\"@type\":\"BreadcrumbList\",\"@id\":\"https:\\\/\\\/flf-shop.lu\\\/?page_id=399#breadcrumb\",\"itemListElement\":[{\"@type\":\"ListItem\",\"position\":1,\"name\":\"Accueil\",\"item\":\"https:\\\/\\\/flf-shop.lu\\\/\"},{\"@type\":\"ListItem\",\"position\":2,\"name\":\"MENTIONS LEGALES\"}]},{\"@type\":\"WebSite\",\"@id\":\"https:\\\/\\\/flf-shop.lu\\\/#website\",\"url\":\"https:\\\/\\\/flf-shop.lu\\\/\",\"name\":\"flf-shop.lu\",\"description\":\"Rejoins la team Roude L\u00e9iw !\",\"publisher\":{\"@id\":\"https:\\\/\\\/flf-shop.lu\\\/#organization\"},\"potentialAction\":[{\"@type\":\"SearchAction\",\"target\":{\"@type\":\"EntryPoint\",\"urlTemplate\":\"https:\\\/\\\/flf-shop.lu\\\/?s={search_term_string}\"},\"query-input\":{\"@type\":\"PropertyValueSpecification\",\"valueRequired\":true,\"valueName\":\"search_term_string\"}}],\"inLanguage\":\"fr-FR\"},{\"@type\":\"Organization\",\"@id\":\"https:\\\/\\\/flf-shop.lu\\\/#organization\",\"name\":\"flf-shop.lu\",\"url\":\"https:\\\/\\\/flf-shop.lu\\\/\",\"logo\":{\"@type\":\"ImageObject\",\"inLanguage\":\"fr-FR\",\"@id\":\"https:\\\/\\\/flf-shop.lu\\\/#\\\/schema\\\/logo\\\/image\\\/\",\"url\":\"https:\\\/\\\/i0.wp.com\\\/flf-shop.lu\\\/wp-content\\\/uploads\\\/2024\\\/06\\\/cropped-231117_LUXEMBOURG-CREST_FULL-COL_CMYK-01-1.webp?fit=512%2C512&quality=80&ssl=1\",\"contentUrl\":\"https:\\\/\\\/i0.wp.com\\\/flf-shop.lu\\\/wp-content\\\/uploads\\\/2024\\\/06\\\/cropped-231117_LUXEMBOURG-CREST_FULL-COL_CMYK-01-1.webp?fit=512%2C512&quality=80&ssl=1\",\"width\":512,\"height\":512,\"caption\":\"flf-shop.lu\"},\"image\":{\"@id\":\"https:\\\/\\\/flf-shop.lu\\\/#\\\/schema\\\/logo\\\/image\\\/\"},\"sameAs\":[\"https:\\\/\\\/www.facebook.com\\\/FLF.lu\",\"https:\\\/\\\/www.instagram.com\\\/flf.lu\\\/\"]}]}<\/script>\n<!-- \/ Yoast SEO plugin. -->","yoast_head_json":{"title":"MENTIONS LEGALES - flf-shop.lu","description":"Consultez les informations l\u00e9gales de FLF-Shop.lu : identification, conditions d\u2019utilisation et obligations l\u00e9gales","robots":{"index":"index","follow":"follow","max-snippet":"max-snippet:-1","max-image-preview":"max-image-preview:large","max-video-preview":"max-video-preview:-1"},"canonical":"https:\/\/flf-shop.lu\/?page_id=399","og_locale":"fr_FR","og_type":"article","og_title":"MENTIONS LEGALES - flf-shop.lu","og_description":"Consultez les informations l\u00e9gales de FLF-Shop.lu : identification, conditions d\u2019utilisation et obligations l\u00e9gales","og_url":"https:\/\/flf-shop.lu\/?page_id=399","og_site_name":"flf-shop.lu","article_publisher":"https:\/\/www.facebook.com\/FLF.lu","article_modified_time":"2025-07-24T12:09:04+00:00","og_image":[{"width":512,"height":512,"url":"https:\/\/flf-shop.lu\/wp-content\/uploads\/2024\/06\/cropped-231117_LUXEMBOURG-CREST_FULL-COL_CMYK-01-1.webp","type":"image\/webp"}],"twitter_card":"summary_large_image","twitter_misc":{"Dur\u00e9e de lecture estim\u00e9e":"4 minutes"},"schema":{"@context":"https:\/\/schema.org","@graph":[{"@type":"WebPage","@id":"https:\/\/flf-shop.lu\/?page_id=399","url":"https:\/\/flf-shop.lu\/?page_id=399","name":"MENTIONS LEGALES - flf-shop.lu","isPartOf":{"@id":"https:\/\/flf-shop.lu\/#website"},"primaryImageOfPage":{"@id":"https:\/\/flf-shop.lu\/?page_id=399#primaryimage"},"image":{"@id":"https:\/\/flf-shop.lu\/?page_id=399#primaryimage"},"thumbnailUrl":"https:\/\/i0.wp.com\/flf-shop.lu\/wp-content\/uploads\/2024\/06\/cropped-231117_LUXEMBOURG-CREST_FULL-COL_CMYK-01-1.webp?fit=512%2C512&quality=80&ssl=1","datePublished":"2024-02-27T10:17:26+00:00","dateModified":"2025-07-24T12:09:04+00:00","description":"Consultez les informations l\u00e9gales de FLF-Shop.lu : identification, conditions d\u2019utilisation et obligations l\u00e9gales","breadcrumb":{"@id":"https:\/\/flf-shop.lu\/?page_id=399#breadcrumb"},"inLanguage":"fr-FR","potentialAction":[{"@type":"ReadAction","target":["https:\/\/flf-shop.lu\/?page_id=399"]}]},{"@type":"ImageObject","inLanguage":"fr-FR","@id":"https:\/\/flf-shop.lu\/?page_id=399#primaryimage","url":"https:\/\/i0.wp.com\/flf-shop.lu\/wp-content\/uploads\/2024\/06\/cropped-231117_LUXEMBOURG-CREST_FULL-COL_CMYK-01-1.webp?fit=512%2C512&quality=80&ssl=1","contentUrl":"https:\/\/i0.wp.com\/flf-shop.lu\/wp-content\/uploads\/2024\/06\/cropped-231117_LUXEMBOURG-CREST_FULL-COL_CMYK-01-1.webp?fit=512%2C512&quality=80&ssl=1","width":512,"height":512},{"@type":"BreadcrumbList","@id":"https:\/\/flf-shop.lu\/?page_id=399#breadcrumb","itemListElement":[{"@type":"ListItem","position":1,"name":"Accueil","item":"https:\/\/flf-shop.lu\/"},{"@type":"ListItem","position":2,"name":"MENTIONS LEGALES"}]},{"@type":"WebSite","@id":"https:\/\/flf-shop.lu\/#website","url":"https:\/\/flf-shop.lu\/","name":"flf-shop.lu","description":"Rejoins la team Roude L\u00e9iw !","publisher":{"@id":"https:\/\/flf-shop.lu\/#organization"},"potentialAction":[{"@type":"SearchAction","target":{"@type":"EntryPoint","urlTemplate":"https:\/\/flf-shop.lu\/?s={search_term_string}"},"query-input":{"@type":"PropertyValueSpecification","valueRequired":true,"valueName":"search_term_string"}}],"inLanguage":"fr-FR"},{"@type":"Organization","@id":"https:\/\/flf-shop.lu\/#organization","name":"flf-shop.lu","url":"https:\/\/flf-shop.lu\/","logo":{"@type":"ImageObject","inLanguage":"fr-FR","@id":"https:\/\/flf-shop.lu\/#\/schema\/logo\/image\/","url":"https:\/\/i0.wp.com\/flf-shop.lu\/wp-content\/uploads\/2024\/06\/cropped-231117_LUXEMBOURG-CREST_FULL-COL_CMYK-01-1.webp?fit=512%2C512&quality=80&ssl=1","contentUrl":"https:\/\/i0.wp.com\/flf-shop.lu\/wp-content\/uploads\/2024\/06\/cropped-231117_LUXEMBOURG-CREST_FULL-COL_CMYK-01-1.webp?fit=512%2C512&quality=80&ssl=1","width":512,"height":512,"caption":"flf-shop.lu"},"image":{"@id":"https:\/\/flf-shop.lu\/#\/schema\/logo\/image\/"},"sameAs":["https:\/\/www.facebook.com\/FLF.lu","https:\/\/www.instagram.com\/flf.lu\/"]}]}},"jetpack_sharing_enabled":true,"_links":{"self":[{"href":"https:\/\/flf-shop.lu\/index.php?rest_route=\/wp\/v2\/pages\/399","targetHints":{"allow":["GET"]}}],"collection":[{"href":"https:\/\/flf-shop.lu\/index.php?rest_route=\/wp\/v2\/pages"}],"about":[{"href":"https:\/\/flf-shop.lu\/index.php?rest_route=\/wp\/v2\/types\/page"}],"author":[{"embeddable":true,"href":"https:\/\/flf-shop.lu\/index.php?rest_route=\/wp\/v2\/users\/1"}],"replies":[{"embeddable":true,"href":"https:\/\/flf-shop.lu\/index.php?rest_route=%2Fwp%2Fv2%2Fcomments&post=399"}],"version-history":[{"count":7,"href":"https:\/\/flf-shop.lu\/index.php?rest_route=\/wp\/v2\/pages\/399\/revisions"}],"predecessor-version":[{"id":12679,"href":"https:\/\/flf-shop.lu\/index.php?rest_route=\/wp\/v2\/pages\/399\/revisions\/12679"}],"wp:featuredmedia":[{"embeddable":true,"href":"https:\/\/flf-shop.lu\/index.php?rest_route=\/wp\/v2\/media\/7075"}],"wp:attachment":[{"href":"https:\/\/flf-shop.lu\/index.php?rest_route=%2Fwp%2Fv2%2Fmedia&parent=399"}],"curies":[{"name":"wp","href":"https:\/\/api.w.org\/{rel}","templated":true}]}}