{"id":10626,"date":"2024-12-09T10:18:24","date_gmt":"2024-12-09T09:18:24","guid":{"rendered":"https:\/\/flf-shop.lu\/?page_id=10626"},"modified":"2026-02-12T14:20:25","modified_gmt":"2026-02-12T13:20:25","slug":"panier-2","status":"publish","type":"page","link":"https:\/\/flf-shop.lu\/?page_id=10626","title":{"rendered":"PANIER"},"content":{"rendered":"\t\t<div data-elementor-type=\"wp-page\" data-elementor-id=\"10626\" class=\"elementor elementor-10626\" data-elementor-post-type=\"page\">\n\t\t\t\t<div class=\"elementor-element elementor-element-a1f5b6e e-flex e-con-boxed e-con e-parent\" data-id=\"a1f5b6e\" data-element_type=\"container\" data-e-type=\"container\">\n\t\t\t\t\t<div class=\"e-con-inner\">\n\t\t\t\t<div class=\"elementor-element elementor-element-4bc75f3 elementor-widget elementor-widget-heading\" data-id=\"4bc75f3\" data-element_type=\"widget\" data-e-type=\"widget\" data-widget_type=\"heading.default\">\n\t\t\t\t<div class=\"elementor-widget-container\">\n\t\t\t\t\t<h2 class=\"elementor-heading-title elementor-size-default\">TOUS LES PRIX AFFICH\u00c9S SONT DES PRIX TTC.<br>Notre station de pick-up est situ\u00e9e au 4, ZI Rolach, L-5280 Sandweiler.<\/h2>\t\t\t\t<\/div>\n\t\t\t\t<\/div>\n\t\t\t\t\t<\/div>\n\t\t\t\t<\/div>\n\t\t<div class=\"elementor-element elementor-element-0d1e570 e-flex e-con-boxed e-con e-parent\" data-id=\"0d1e570\" data-element_type=\"container\" data-e-type=\"container\">\n\t\t\t\t\t<div class=\"e-con-inner\">\n\t\t\t\t<div class=\"elementor-element elementor-element-a2fcd85 e-cart-layout-two-column elementor-widget elementor-widget-woocommerce-cart\" data-id=\"a2fcd85\" data-element_type=\"widget\" data-e-type=\"widget\" data-widget_type=\"woocommerce-cart.default\">\n\t\t\t\t<div class=\"elementor-widget-container\">\n\t\t\t\t\t<div class=\"woocommerce\"><div class=\"woocommerce-notices-wrapper\"><\/div><div class=\"wc-empty-cart-message\">\n\t<div class=\"cart-empty woocommerce-info\" role=\"status\">\n\t\tVotre panier est actuellement vide.\t<\/div>\n<\/div>\t<p class=\"return-to-shop\">\n\t\t<a class=\"button wc-backward\" href=\"https:\/\/flf-shop.lu\/?page_id=11833\">\n\t\t\tRetour \u00e0 la boutique\t\t<\/a>\n\t<\/p>\n<\/div>\t\t\t\t<\/div>\n\t\t\t\t<\/div>\n\t\t\t\t\t<\/div>\n\t\t\t\t<\/div>\n\t\t\t\t<\/div>\n\t\t","protected":false},"excerpt":{"rendered":"<p>TOUS LES PRIX AFFICH\u00c9S SONT DES PRIX TTC.Notre station de pick-up est situ\u00e9e au 4, ZI Rolach, L-5280 Sandweiler. Supprimer l\u2019\u00e9l\u00e9ment Miniature Produit Prix Quantit\u00e9 Sous-total &times; MAILLOT DOMICILE &#8211; S &nbsp; PERSONNALISATION 70,00&nbsp;&euro; quantit\u00e9 de MAILLOT DOMICILE &#8211; S&nbsp; 70,00&nbsp;&euro; Mise \u00e0 jour le panier Appliquer le code promo Totaux du panier Sous-total 70,00&nbsp;&euro; [&hellip;]<\/p>\n","protected":false},"author":459,"featured_media":7075,"parent":0,"menu_order":0,"comment_status":"closed","ping_status":"closed","template":"","meta":{"ocean_post_layout":"","ocean_both_sidebars_style":"","ocean_both_sidebars_content_width":0,"ocean_both_sidebars_sidebars_width":0,"ocean_sidebar":"","ocean_second_sidebar":"","ocean_disable_margins":"enable","ocean_add_body_class":"","ocean_shortcode_before_top_bar":"","ocean_shortcode_after_top_bar":"","ocean_shortcode_before_header":"","ocean_shortcode_after_header":"","ocean_has_shortcode":"","ocean_shortcode_after_title":"","ocean_shortcode_before_footer_widgets":"","ocean_shortcode_after_footer_widgets":"","ocean_shortcode_before_footer_bottom":"","ocean_shortcode_after_footer_bottom":"","ocean_display_top_bar":"default","ocean_display_header":"default","ocean_header_style":"","ocean_center_header_left_menu":"","ocean_custom_header_template":"","ocean_custom_logo":0,"ocean_custom_retina_logo":0,"ocean_custom_logo_max_width":0,"ocean_custom_logo_tablet_max_width":0,"ocean_custom_logo_mobile_max_width":0,"ocean_custom_logo_max_height":0,"ocean_custom_logo_tablet_max_height":0,"ocean_custom_logo_mobile_max_height":0,"ocean_header_custom_menu":"","ocean_menu_typo_font_family":"","ocean_menu_typo_font_subset":"","ocean_menu_typo_font_size":0,"ocean_menu_typo_font_size_tablet":0,"ocean_menu_typo_font_size_mobile":0,"ocean_menu_typo_font_size_unit":"px","ocean_menu_typo_font_weight":"","ocean_menu_typo_font_weight_tablet":"","ocean_menu_typo_font_weight_mobile":"","ocean_menu_typo_transform":"","ocean_menu_typo_transform_tablet":"","ocean_menu_typo_transform_mobile":"","ocean_menu_typo_line_height":0,"ocean_menu_typo_line_height_tablet":0,"ocean_menu_typo_line_height_mobile":0,"ocean_menu_typo_line_height_unit":"","ocean_menu_typo_spacing":0,"ocean_menu_typo_spacing_tablet":0,"ocean_menu_typo_spacing_mobile":0,"ocean_menu_typo_spacing_unit":"","ocean_menu_link_color":"","ocean_menu_link_color_hover":"","ocean_menu_link_color_active":"","ocean_menu_link_background":"","ocean_menu_link_hover_background":"","ocean_menu_link_active_background":"","ocean_menu_social_links_bg":"","ocean_menu_social_hover_links_bg":"","ocean_menu_social_links_color":"","ocean_menu_social_hover_links_color":"","ocean_disable_title":"default","ocean_disable_heading":"default","ocean_post_title":"","ocean_post_subheading":"","ocean_post_title_style":"","ocean_post_title_background_color":"","ocean_post_title_background":0,"ocean_post_title_bg_image_position":"","ocean_post_title_bg_image_attachment":"","ocean_post_title_bg_image_repeat":"","ocean_post_title_bg_image_size":"","ocean_post_title_height":0,"ocean_post_title_bg_overlay":0.5,"ocean_post_title_bg_overlay_color":"","ocean_disable_breadcrumbs":"default","ocean_breadcrumbs_color":"","ocean_breadcrumbs_separator_color":"","ocean_breadcrumbs_links_color":"","ocean_breadcrumbs_links_hover_color":"","ocean_display_footer_widgets":"default","ocean_display_footer_bottom":"default","ocean_custom_footer_template":"","osp_disable_panel":"default","footnotes":""},"class_list":["post-10626","page","type-page","status-publish","has-post-thumbnail","hentry","entry","has-media","owp-thumbs-layout-horizontal","owp-btn-normal","owp-tabs-layout-horizontal","has-no-thumbnails","has-product-nav"],"yoast_head":"<!-- This site is optimized with the Yoast SEO plugin v27.3 - https:\/\/yoast.com\/product\/yoast-seo-wordpress\/ -->\n<title>PANIER - flf-shop.lu<\/title>\n<meta name=\"description\" content=\"V\u00e9rifiez et finalisez votre s\u00e9lection d&#039;articles officiels FLF avant de passer commande sur FLF-Shop.lu.\" \/>\n<meta name=\"robots\" content=\"index, follow, max-snippet:-1, max-image-preview:large, max-video-preview:-1\" \/>\n<link rel=\"canonical\" href=\"https:\/\/flf-shop.lu\/?page_id=10626\" \/>\n<meta property=\"og:locale\" content=\"fr_FR\" \/>\n<meta property=\"og:type\" content=\"article\" \/>\n<meta property=\"og:title\" content=\"PANIER - flf-shop.lu\" \/>\n<meta property=\"og:description\" content=\"V\u00e9rifiez et finalisez votre s\u00e9lection d&#039;articles officiels FLF avant de passer commande sur FLF-Shop.lu.\" \/>\n<meta property=\"og:url\" content=\"https:\/\/flf-shop.lu\/?page_id=10626\" \/>\n<meta property=\"og:site_name\" content=\"flf-shop.lu\" \/>\n<meta property=\"article:publisher\" content=\"https:\/\/www.facebook.com\/FLF.lu\" \/>\n<meta property=\"article:modified_time\" content=\"2026-02-12T13:20:25+00:00\" \/>\n<meta property=\"og:image\" content=\"https:\/\/flf-shop.lu\/wp-content\/uploads\/2024\/06\/cropped-231117_LUXEMBOURG-CREST_FULL-COL_CMYK-01-1.webp\" \/>\n\t<meta property=\"og:image:width\" content=\"512\" \/>\n\t<meta property=\"og:image:height\" content=\"512\" \/>\n\t<meta property=\"og:image:type\" content=\"image\/webp\" \/>\n<meta name=\"twitter:card\" content=\"summary_large_image\" \/>\n<meta name=\"twitter:label1\" content=\"Dur\u00e9e de lecture estim\u00e9e\" \/>\n\t<meta name=\"twitter:data1\" content=\"1 minute\" \/>\n<script type=\"application\/ld+json\" class=\"yoast-schema-graph\">{\"@context\":\"https:\\\/\\\/schema.org\",\"@graph\":[{\"@type\":\"WebPage\",\"@id\":\"https:\\\/\\\/flf-shop.lu\\\/?page_id=10626\",\"url\":\"https:\\\/\\\/flf-shop.lu\\\/?page_id=10626\",\"name\":\"PANIER - flf-shop.lu\",\"isPartOf\":{\"@id\":\"https:\\\/\\\/flf-shop.lu\\\/#website\"},\"primaryImageOfPage\":{\"@id\":\"https:\\\/\\\/flf-shop.lu\\\/?page_id=10626#primaryimage\"},\"image\":{\"@id\":\"https:\\\/\\\/flf-shop.lu\\\/?page_id=10626#primaryimage\"},\"thumbnailUrl\":\"https:\\\/\\\/i0.wp.com\\\/flf-shop.lu\\\/wp-content\\\/uploads\\\/2024\\\/06\\\/cropped-231117_LUXEMBOURG-CREST_FULL-COL_CMYK-01-1.webp?fit=512%2C512&quality=80&ssl=1\",\"datePublished\":\"2024-12-09T09:18:24+00:00\",\"dateModified\":\"2026-02-12T13:20:25+00:00\",\"description\":\"V\u00e9rifiez et finalisez votre s\u00e9lection d'articles officiels FLF avant de passer commande sur FLF-Shop.lu.\",\"breadcrumb\":{\"@id\":\"https:\\\/\\\/flf-shop.lu\\\/?page_id=10626#breadcrumb\"},\"inLanguage\":\"fr-FR\",\"potentialAction\":[{\"@type\":\"ReadAction\",\"target\":[\"https:\\\/\\\/flf-shop.lu\\\/?page_id=10626\"]}]},{\"@type\":\"ImageObject\",\"inLanguage\":\"fr-FR\",\"@id\":\"https:\\\/\\\/flf-shop.lu\\\/?page_id=10626#primaryimage\",\"url\":\"https:\\\/\\\/i0.wp.com\\\/flf-shop.lu\\\/wp-content\\\/uploads\\\/2024\\\/06\\\/cropped-231117_LUXEMBOURG-CREST_FULL-COL_CMYK-01-1.webp?fit=512%2C512&quality=80&ssl=1\",\"contentUrl\":\"https:\\\/\\\/i0.wp.com\\\/flf-shop.lu\\\/wp-content\\\/uploads\\\/2024\\\/06\\\/cropped-231117_LUXEMBOURG-CREST_FULL-COL_CMYK-01-1.webp?fit=512%2C512&quality=80&ssl=1\",\"width\":512,\"height\":512},{\"@type\":\"BreadcrumbList\",\"@id\":\"https:\\\/\\\/flf-shop.lu\\\/?page_id=10626#breadcrumb\",\"itemListElement\":[{\"@type\":\"ListItem\",\"position\":1,\"name\":\"Accueil\",\"item\":\"https:\\\/\\\/flf-shop.lu\\\/\"},{\"@type\":\"ListItem\",\"position\":2,\"name\":\"PANIER\"}]},{\"@type\":\"WebSite\",\"@id\":\"https:\\\/\\\/flf-shop.lu\\\/#website\",\"url\":\"https:\\\/\\\/flf-shop.lu\\\/\",\"name\":\"flf-shop.lu\",\"description\":\"Rejoins la team Roude L\u00e9iw !\",\"publisher\":{\"@id\":\"https:\\\/\\\/flf-shop.lu\\\/#organization\"},\"potentialAction\":[{\"@type\":\"SearchAction\",\"target\":{\"@type\":\"EntryPoint\",\"urlTemplate\":\"https:\\\/\\\/flf-shop.lu\\\/?s={search_term_string}\"},\"query-input\":{\"@type\":\"PropertyValueSpecification\",\"valueRequired\":true,\"valueName\":\"search_term_string\"}}],\"inLanguage\":\"fr-FR\"},{\"@type\":\"Organization\",\"@id\":\"https:\\\/\\\/flf-shop.lu\\\/#organization\",\"name\":\"flf-shop.lu\",\"url\":\"https:\\\/\\\/flf-shop.lu\\\/\",\"logo\":{\"@type\":\"ImageObject\",\"inLanguage\":\"fr-FR\",\"@id\":\"https:\\\/\\\/flf-shop.lu\\\/#\\\/schema\\\/logo\\\/image\\\/\",\"url\":\"https:\\\/\\\/i0.wp.com\\\/flf-shop.lu\\\/wp-content\\\/uploads\\\/2024\\\/06\\\/cropped-231117_LUXEMBOURG-CREST_FULL-COL_CMYK-01-1.webp?fit=512%2C512&quality=80&ssl=1\",\"contentUrl\":\"https:\\\/\\\/i0.wp.com\\\/flf-shop.lu\\\/wp-content\\\/uploads\\\/2024\\\/06\\\/cropped-231117_LUXEMBOURG-CREST_FULL-COL_CMYK-01-1.webp?fit=512%2C512&quality=80&ssl=1\",\"width\":512,\"height\":512,\"caption\":\"flf-shop.lu\"},\"image\":{\"@id\":\"https:\\\/\\\/flf-shop.lu\\\/#\\\/schema\\\/logo\\\/image\\\/\"},\"sameAs\":[\"https:\\\/\\\/www.facebook.com\\\/FLF.lu\",\"https:\\\/\\\/www.instagram.com\\\/flf.lu\\\/\"]}]}<\/script>\n<!-- \/ Yoast SEO plugin. -->","yoast_head_json":{"title":"PANIER - flf-shop.lu","description":"V\u00e9rifiez et finalisez votre s\u00e9lection d'articles officiels FLF avant de passer commande sur FLF-Shop.lu.","robots":{"index":"index","follow":"follow","max-snippet":"max-snippet:-1","max-image-preview":"max-image-preview:large","max-video-preview":"max-video-preview:-1"},"canonical":"https:\/\/flf-shop.lu\/?page_id=10626","og_locale":"fr_FR","og_type":"article","og_title":"PANIER - flf-shop.lu","og_description":"V\u00e9rifiez et finalisez votre s\u00e9lection d'articles officiels FLF avant de passer commande sur FLF-Shop.lu.","og_url":"https:\/\/flf-shop.lu\/?page_id=10626","og_site_name":"flf-shop.lu","article_publisher":"https:\/\/www.facebook.com\/FLF.lu","article_modified_time":"2026-02-12T13:20:25+00:00","og_image":[{"width":512,"height":512,"url":"https:\/\/flf-shop.lu\/wp-content\/uploads\/2024\/06\/cropped-231117_LUXEMBOURG-CREST_FULL-COL_CMYK-01-1.webp","type":"image\/webp"}],"twitter_card":"summary_large_image","twitter_misc":{"Dur\u00e9e de lecture estim\u00e9e":"1 minute"},"schema":{"@context":"https:\/\/schema.org","@graph":[{"@type":"WebPage","@id":"https:\/\/flf-shop.lu\/?page_id=10626","url":"https:\/\/flf-shop.lu\/?page_id=10626","name":"PANIER - flf-shop.lu","isPartOf":{"@id":"https:\/\/flf-shop.lu\/#website"},"primaryImageOfPage":{"@id":"https:\/\/flf-shop.lu\/?page_id=10626#primaryimage"},"image":{"@id":"https:\/\/flf-shop.lu\/?page_id=10626#primaryimage"},"thumbnailUrl":"https:\/\/i0.wp.com\/flf-shop.lu\/wp-content\/uploads\/2024\/06\/cropped-231117_LUXEMBOURG-CREST_FULL-COL_CMYK-01-1.webp?fit=512%2C512&quality=80&ssl=1","datePublished":"2024-12-09T09:18:24+00:00","dateModified":"2026-02-12T13:20:25+00:00","description":"V\u00e9rifiez et finalisez votre s\u00e9lection d'articles officiels FLF avant de passer commande sur FLF-Shop.lu.","breadcrumb":{"@id":"https:\/\/flf-shop.lu\/?page_id=10626#breadcrumb"},"inLanguage":"fr-FR","potentialAction":[{"@type":"ReadAction","target":["https:\/\/flf-shop.lu\/?page_id=10626"]}]},{"@type":"ImageObject","inLanguage":"fr-FR","@id":"https:\/\/flf-shop.lu\/?page_id=10626#primaryimage","url":"https:\/\/i0.wp.com\/flf-shop.lu\/wp-content\/uploads\/2024\/06\/cropped-231117_LUXEMBOURG-CREST_FULL-COL_CMYK-01-1.webp?fit=512%2C512&quality=80&ssl=1","contentUrl":"https:\/\/i0.wp.com\/flf-shop.lu\/wp-content\/uploads\/2024\/06\/cropped-231117_LUXEMBOURG-CREST_FULL-COL_CMYK-01-1.webp?fit=512%2C512&quality=80&ssl=1","width":512,"height":512},{"@type":"BreadcrumbList","@id":"https:\/\/flf-shop.lu\/?page_id=10626#breadcrumb","itemListElement":[{"@type":"ListItem","position":1,"name":"Accueil","item":"https:\/\/flf-shop.lu\/"},{"@type":"ListItem","position":2,"name":"PANIER"}]},{"@type":"WebSite","@id":"https:\/\/flf-shop.lu\/#website","url":"https:\/\/flf-shop.lu\/","name":"flf-shop.lu","description":"Rejoins la team Roude L\u00e9iw !","publisher":{"@id":"https:\/\/flf-shop.lu\/#organization"},"potentialAction":[{"@type":"SearchAction","target":{"@type":"EntryPoint","urlTemplate":"https:\/\/flf-shop.lu\/?s={search_term_string}"},"query-input":{"@type":"PropertyValueSpecification","valueRequired":true,"valueName":"search_term_string"}}],"inLanguage":"fr-FR"},{"@type":"Organization","@id":"https:\/\/flf-shop.lu\/#organization","name":"flf-shop.lu","url":"https:\/\/flf-shop.lu\/","logo":{"@type":"ImageObject","inLanguage":"fr-FR","@id":"https:\/\/flf-shop.lu\/#\/schema\/logo\/image\/","url":"https:\/\/i0.wp.com\/flf-shop.lu\/wp-content\/uploads\/2024\/06\/cropped-231117_LUXEMBOURG-CREST_FULL-COL_CMYK-01-1.webp?fit=512%2C512&quality=80&ssl=1","contentUrl":"https:\/\/i0.wp.com\/flf-shop.lu\/wp-content\/uploads\/2024\/06\/cropped-231117_LUXEMBOURG-CREST_FULL-COL_CMYK-01-1.webp?fit=512%2C512&quality=80&ssl=1","width":512,"height":512,"caption":"flf-shop.lu"},"image":{"@id":"https:\/\/flf-shop.lu\/#\/schema\/logo\/image\/"},"sameAs":["https:\/\/www.facebook.com\/FLF.lu","https:\/\/www.instagram.com\/flf.lu\/"]}]}},"jetpack_sharing_enabled":true,"_links":{"self":[{"href":"https:\/\/flf-shop.lu\/index.php?rest_route=\/wp\/v2\/pages\/10626","targetHints":{"allow":["GET"]}}],"collection":[{"href":"https:\/\/flf-shop.lu\/index.php?rest_route=\/wp\/v2\/pages"}],"about":[{"href":"https:\/\/flf-shop.lu\/index.php?rest_route=\/wp\/v2\/types\/page"}],"author":[{"embeddable":true,"href":"https:\/\/flf-shop.lu\/index.php?rest_route=\/wp\/v2\/users\/459"}],"replies":[{"embeddable":true,"href":"https:\/\/flf-shop.lu\/index.php?rest_route=%2Fwp%2Fv2%2Fcomments&post=10626"}],"version-history":[{"count":13,"href":"https:\/\/flf-shop.lu\/index.php?rest_route=\/wp\/v2\/pages\/10626\/revisions"}],"predecessor-version":[{"id":14498,"href":"https:\/\/flf-shop.lu\/index.php?rest_route=\/wp\/v2\/pages\/10626\/revisions\/14498"}],"wp:featuredmedia":[{"embeddable":true,"href":"https:\/\/flf-shop.lu\/index.php?rest_route=\/wp\/v2\/media\/7075"}],"wp:attachment":[{"href":"https:\/\/flf-shop.lu\/index.php?rest_route=%2Fwp%2Fv2%2Fmedia&parent=10626"}],"curies":[{"name":"wp","href":"https:\/\/api.w.org\/{rel}","templated":true}]}}